{"id":1704,"date":"2022-04-21T14:13:05","date_gmt":"2022-04-21T12:13:05","guid":{"rendered":"https:\/\/www.tkc.si\/en\/about-us\/"},"modified":"2023-02-21T13:49:19","modified_gmt":"2023-02-21T12:49:19","slug":"about-us","status":"publish","type":"page","link":"https:\/\/www.tkc.si\/en\/about-us\/","title":{"rendered":"About us"},"content":{"rendered":"<div class=\"wpb-content-wrapper\"><p>[vc_row full_width=&#8221;stretch_row_content_no_spaces&#8221; el_class=&#8221;sp-page-title&#8221;][vc_column]\t\t\n\t\t<div class=\"title-banner\" style=\"background-image: linear-gradient(rgba(0, 0, 0, 0.2),rgba(0, 0, 0, 0.2)),url(https:\/\/www.tkc.si\/wp-content\/uploads\/2021\/01\/baner-varjenje-1.jpg);\">\n\t\t\t<div class=\"container\">\n\t\t\t<h1 class=\"entry-title\">About us<\/h1>\n\n\t\t\t\t<div class=\"breadcrumbs-container\">\n\t\t\t\t\t<div class=\"breadcrumbs\">\n\t\t\t\t\t\t\n\t<ul class=\"ns-breadcrumbs\">\n\t\t\t<li><a href=\"https:\/\/www.tkc.si\/en\/\">Home<\/a><\/li>\n\t\t\t\t<li>About us<\/li>\n\t<\/ul>\n\t\n\t\t\t\t\t\t\t<div class=\"clearfix\"><\/div>\n\t\t\t\t\t<\/div>\n\t\t\t\t<\/div>\n\n\t\t\t<\/div>\n\t\t<\/div>\n\n\t\t[\/vc_column][\/vc_row][vc_row el_class=&#8221;sp-sec-1&#8243;][vc_column width=&#8221;3\/4&#8243;][vc_column_text]The company was founded in 2002 as a support centre, mainly for the tool industry but also for others in the field of the welding repair of damaged machine elements.<\/p>\n<p>Our main activities are: arc welding, laser welding, plasma welding, metallurgical investigations in the laboratory, heat treatments, the production of laser welding wires, research and development and education.<\/p>\n<p>We have an <strong>ISO 9001<\/strong> and<strong> ISO 14001.<\/strong><\/p>\n<p>In cooperation with our partners, you can also order various non-destructive tests, chemical analyses of materials, corrosion tests, etc.[\/vc_column_text][vc_column_text]<strong>The metallurgical lab features the following tests:<\/strong><\/p>\n<ul>\n<li>The macroscopic examination of welds<\/li>\n<li>Chapry impact tests<\/li>\n<li>Flexural test<\/li>\n<li>Break-off test<\/li>\n<li>Vickers hardness tests<\/li>\n<li>Transverse tensile tests<\/li>\n<li>penetrant tests<\/li>\n<li>microscopy (particle size, micro cracking, ferrite share, etc.)<\/li>\n<li>micro-hardness<\/li>\n<\/ul>\n<p>[\/vc_column_text][vc_column_text]We offer all types of arc welding and flame welding with quality machines and quality welders. We specialise in welding tool steels, but, of course, we also weld other difficult things. We weld church bells, non-ferrous metals, grey cast iron, modular cast iron and titanium. In late 2003, arc welding was complemented by laser welding. The quality of laser welding and other processes has also been improved with the help of our own metallurgical laboratory.<\/p>\n<p>Laser welding offers a number of advantages over other welding processes. The quality of laser welding has been a guiding principle for laser purchases. We now offer laser welding using ten machines. All the laser beam sources are of German or Swiss origin from a leading manufacturer of welding lasers. The high price is justified by the range of laser beam settings that allow the welding of the most demanding materials. Also, the German manufacturer&#8217;s control equipment offers flexibility, superior precision and the possibility of automation. At the same time, we are not limited by the weight and size of the welded piece.[\/vc_column_text][vc_column_text]We have equipped our metallurgical laboratory with equipment from world-renowned manufacturers and today offer a range of services in the field of fracture and non-fracture testing. Our laboratory services allow us to control the quality of laser guards. The need for the laser welding of a wide variety of materials could not be met by the wires available on the market. That&#8217;s why we started to produce our own laser welding wires.<br \/>\nWe produce laser welding wires in varying diameters from 0.2mm to 1mm. We offer a wide range of different materials, from tool and stainless steels to aluminium, bronze\u2026 Welding wires are available in coils or flat rods.<br \/>\nIzobra\u017eevanje in svetovanje\u00a0s podro\u010dja varjenja izvajamo v na\u0161i predavalnici, lahko pa tudi pri naro\u010dniku. Nudimo neformalno izobra\u017eevanje za vse varilne postopke in za vse stopnje znanja.<\/p>\n<p class=\"p1\"><span class=\"s1\">We carry out research in various areas. In the field of the TIG welding of tool steels, research is being carried out to extend the lifetime of the tools and also to improve the properties of the welded parts compared to the base material. More research is being carried out in the field of laser welding, which offers many improvements. Research is also ongoing in the field of welding wires, as we want to offer the widest possible range of filler materials.<\/span><\/p>\n<p class=\"p1\"><span class=\"s1\">The company is located in Ljubljana, and we have a branch in Maribor, where we offer laser welding and other arc welding and heat treatment processes.<\/span><\/p>\n<p>[\/vc_column_text][\/vc_column][vc_column width=&#8221;1\/4&#8243;][vc_row el_class=\"sp-sec-1\"][vc_column el_class=\"side-menu\"][vc_column_text el_class=\"remove-link\"]<strong>TKC d.o.o. - PE Ljubljana<\/strong>\r\nTehnolo\u0161ki konzultantski center d.o.o.\r\nLitostrojska cesta 60,\r\n1000 Ljubljana, Slovenija[\/vc_column_text]    \r\n    <div class=\"wpb_raw_code wpb_content_element wpb_raw_html ns-tel  \">\r\n      <div class=\"wpb_wrapper\">\r\n         <a href=\"tel:+386 41 684 751\">\r\n                        Telefon: &nbsp;                        <span>\r\n              \t\r\n                  <span class='hide-mobile'><\/span> +386 41 684 751 \r\n                            <\/span>\r\n        <\/a>\r\n      <\/div>\r\n    <\/div>\r\n\r\n        \r\n    <div class=\"wpb_raw_code wpb_content_element wpb_raw_html ns-mail  \">\r\n      <div class=\"wpb_wrapper\">\r\n         <a href=\"&#x6d;&#97;i&#x6c;&#x74;o:&#x69;&#x6e;fo&#x40;&#116;k&#x63;&#x2e;&#115;i\">\r\n                          E-po\u0161ta: &nbsp;                        <span>\r\n              <span class='hide-mobile'><\/span>&#x69;&#110;f&#x6f;&#64;t&#x6b;&#x63;.&#x73;&#x69;            <\/span>\r\n    <\/a>\r\n      <\/div>\r\n    <\/div>\r\n\r\n    [vc_column_text]<a href=\"https:\/\/goo.gl\/maps\/6mdxybpg2a3HCNgVA\" target=\"_blank\" rel=\"noopener\">Lokacija na zemljevidu<\/a>[\/vc_column_text][vc_row_inner el_class=\"socials\"][vc_column_inner]    \r\n    <div class=\"wpb_raw_code wpb_content_element wpb_raw_html ig \">\r\n      <div class=\"wpb_wrapper\">\r\n         <a href=\"https:\/\/www.facebook.com\/pages\/category\/Local-Business\/TKC-doo-179465002541457\/\" target=\"_blank\">\r\n            <svg xmlns=\"http:\/\/www.w3.org\/2000\/svg\" width=\"40\" height=\"40\" viewBox=\"0 0 40 40\">\n  <path id=\"Icon_awesome-facebook-square\" data-name=\"Icon awesome-facebook-square\" d=\"M35.714,2.25H4.286A4.286,4.286,0,0,0,0,6.536V37.964A4.286,4.286,0,0,0,4.286,42.25H16.54v-13.6H10.915v-6.4H16.54V17.371c0-5.549,3.3-8.614,8.363-8.614a34.077,34.077,0,0,1,4.957.432v5.446H27.069c-2.751,0-3.609,1.707-3.609,3.458V22.25H29.6l-.982,6.4H23.46v13.6H35.714A4.286,4.286,0,0,0,40,37.964V6.536A4.286,4.286,0,0,0,35.714,2.25Z\" transform=\"translate(0 -2.25)\" fill=\"#fe0000\"\/>\n<\/svg>\n                      <\/a>\r\n      <\/div>\r\n    <\/div>\r\n\r\n        \r\n    <div class=\"wpb_raw_code wpb_content_element wpb_raw_html ig skrij \">\r\n      <div class=\"wpb_wrapper\">\r\n         <a href=\"https:\/\/www.facebook.com\/pages\/category\/Local-Business\/TKC-doo-179465002541457\/\" target=\"_blank\">\r\n            <svg xmlns=\"http:\/\/www.w3.org\/2000\/svg\" width=\"40\" height=\"40\" viewBox=\"0 0 40 40\">\n  <path id=\"Icon_ionic-logo-linkedin\" data-name=\"Icon ionic-logo-linkedin\" d=\"M41.3,4.5H7.918A3.263,3.263,0,0,0,4.5,7.615V41.072A3.52,3.52,0,0,0,7.918,44.5H41.291A3.341,3.341,0,0,0,44.5,41.072V7.615A3.067,3.067,0,0,0,41.3,4.5ZM16.9,37.842H11.168V20.025H16.9ZM14.232,17.316H14.19a2.941,2.941,0,0,1-3.022-3.074,2.959,2.959,0,0,1,3.095-3.074,2.952,2.952,0,0,1,3.063,3.074A2.959,2.959,0,0,1,14.232,17.316Zm23.61,20.526H32.111V28.1c0-2.334-.834-3.928-2.907-3.928a3.135,3.135,0,0,0-2.938,2.115,3.858,3.858,0,0,0-.2,1.407V37.842H20.337V20.025h5.731V22.5a5.8,5.8,0,0,1,5.168-2.9c3.761,0,6.606,2.48,6.606,7.825V37.842Z\" transform=\"translate(-4.5 -4.5)\" fill=\"#fe0000\"\/>\n<\/svg>\n                      <\/a>\r\n      <\/div>\r\n    <\/div>\r\n\r\n    [\/vc_column_inner][\/vc_row_inner][vc_row_inner el_class=\"documents\"][vc_column_inner][vc_column_text el_class=\"documents-title\"]Certifikati in dokumenti:[\/vc_column_text]\t\t\n\t\t<div class=\"file-wrap \" id=\"\">\n\t\t\t<a href=\"\" target=\"_blank\">ISO 9001<\/a>\n\t\t\t<a href=\"\" target=\"_blank\" class=\"file-dl-btn\">\n\t\t\t\t<div class=\"file-dl-text\">Prenesi<\/div>\n\t\t\t\t<i class=\"fa fa-download file-dl-icon\" aria-hidden=\"true\"><\/i>\n\t\t\t<\/a>\n\t\t<\/div>\n\n\t\t\t\t\n\t\t<div class=\"file-wrap \" id=\"\">\n\t\t\t<a href=\"https:\/\/www.tkc.si\/wp-content\/uploads\/2022\/04\/certifikat-iso-14001-2015.pdf\" target=\"_blank\">ISO 14001<\/a>\n\t\t\t<a href=\"https:\/\/www.tkc.si\/wp-content\/uploads\/2022\/04\/certifikat-iso-14001-2015.pdf\" target=\"_blank\" class=\"file-dl-btn\">\n\t\t\t\t<div class=\"file-dl-text\">Prenesi<\/div>\n\t\t\t\t<i class=\"fa fa-download file-dl-icon\" aria-hidden=\"true\"><\/i>\n\t\t\t<\/a>\n\t\t<\/div>\n\n\t\t\t\t\n\t\t<div class=\"file-wrap \" id=\"\">\n\t\t\t<a href=\"https:\/\/www.tkc.si\/wp-content\/uploads\/2021\/08\/priloga-pk-2-politika-podjetja-r4.pdf\" target=\"_blank\">Politika podjetja<\/a>\n\t\t\t<a href=\"https:\/\/www.tkc.si\/wp-content\/uploads\/2021\/08\/priloga-pk-2-politika-podjetja-r4.pdf\" target=\"_blank\" class=\"file-dl-btn\">\n\t\t\t\t<div class=\"file-dl-text\">Prenesi<\/div>\n\t\t\t\t<i class=\"fa fa-download file-dl-icon\" aria-hidden=\"true\"><\/i>\n\t\t\t<\/a>\n\t\t<\/div>\n\n\t\t\t\t\n\t\t<div class=\"file-wrap \" id=\"\">\n\t\t\t<a href=\"https:\/\/www.tkc.si\/wp-content\/uploads\/2021\/08\/obvestilo-o-video-nadzoru.pdf\" target=\"_blank\">Obvestilo o videonadzoru<\/a>\n\t\t\t<a href=\"https:\/\/www.tkc.si\/wp-content\/uploads\/2021\/08\/obvestilo-o-video-nadzoru.pdf\" target=\"_blank\" class=\"file-dl-btn\">\n\t\t\t\t<div class=\"file-dl-text\">Prenesi<\/div>\n\t\t\t\t<i class=\"fa fa-download file-dl-icon\" aria-hidden=\"true\"><\/i>\n\t\t\t<\/a>\n\t\t<\/div>\n\n\t\t[\/vc_column_inner][\/vc_row_inner][\/vc_column][\/vc_row][\/vc_column][\/vc_row]<\/p>\n<\/div>","protected":false},"excerpt":{"rendered":"<p>[vc_row full_width=&#8221;stretch_row_content_no_spaces&#8221; el_class=&#8221;sp-page-title&#8221;][vc_column][\/vc_column][\/vc_row][vc_row el_class=&#8221;sp-sec-1&#8243;][vc_column width=&#8221;3\/4&#8243;][vc_column_text]The company was founded in 2002 as a support centre, mainly for the tool industry but also for others in the field of the welding repair of damaged machine elements. Our main activities are: arc welding, laser welding, plasma welding, metallurgical investigations in the laboratory, heat treatments, the production of laser [&hellip;]<\/p>\n","protected":false},"author":1,"featured_media":0,"parent":0,"menu_order":1,"comment_status":"closed","ping_status":"closed","template":"","meta":{"footnotes":""},"class_list":["post-1704","page","type-page","status-publish","hentry"],"yoast_head":"<!-- This site is optimized with the Yoast SEO plugin v25.5 - https:\/\/yoast.com\/wordpress\/plugins\/seo\/ -->\n<title>About us | TKC<\/title>\n<meta name=\"description\" content=\"The company was founded in 2002 as a support centre, mainly for the tool industry but also for others in the field of the welding repair of damaged\" \/>\n<meta name=\"robots\" content=\"index, follow, max-snippet:-1, max-image-preview:large, max-video-preview:-1\" \/>\n<link rel=\"canonical\" href=\"https:\/\/www.tkc.si\/en\/about-us\/\" \/>\n<meta property=\"og:locale\" content=\"en_US\" \/>\n<meta property=\"og:type\" content=\"article\" \/>\n<meta property=\"og:title\" content=\"About us | TKC\" \/>\n<meta property=\"og:description\" content=\"The company was founded in 2002 as a support centre, mainly for the tool industry but also for others in the field of the welding repair of damaged\" \/>\n<meta property=\"og:url\" content=\"https:\/\/www.tkc.si\/en\/about-us\/\" \/>\n<meta property=\"og:site_name\" content=\"TKC\" \/>\n<meta property=\"article:modified_time\" content=\"2023-02-21T12:49:19+00:00\" \/>\n<meta name=\"twitter:card\" content=\"summary_large_image\" \/>\n<meta name=\"twitter:label1\" content=\"Est. reading time\" \/>\n\t<meta name=\"twitter:data1\" content=\"3 minutes\" \/>\n<script type=\"application\/ld+json\" class=\"yoast-schema-graph\">{\"@context\":\"https:\/\/schema.org\",\"@graph\":[{\"@type\":\"WebPage\",\"@id\":\"https:\/\/www.tkc.si\/en\/about-us\/\",\"url\":\"https:\/\/www.tkc.si\/en\/about-us\/\",\"name\":\"About us | TKC\",\"isPartOf\":{\"@id\":\"https:\/\/www.tkc.si\/#website\"},\"datePublished\":\"2022-04-21T12:13:05+00:00\",\"dateModified\":\"2023-02-21T12:49:19+00:00\",\"description\":\"The company was founded in 2002 as a support centre, mainly for the tool industry but also for others in the field of the welding repair of damaged\",\"breadcrumb\":{\"@id\":\"https:\/\/www.tkc.si\/en\/about-us\/#breadcrumb\"},\"inLanguage\":\"en-US\",\"potentialAction\":[{\"@type\":\"ReadAction\",\"target\":[\"https:\/\/www.tkc.si\/en\/about-us\/\"]}]},{\"@type\":\"BreadcrumbList\",\"@id\":\"https:\/\/www.tkc.si\/en\/about-us\/#breadcrumb\",\"itemListElement\":[{\"@type\":\"ListItem\",\"position\":1,\"name\":\"Domov\",\"item\":\"https:\/\/www.tkc.si\/en\/\"},{\"@type\":\"ListItem\",\"position\":2,\"name\":\"About us\"}]},{\"@type\":\"WebSite\",\"@id\":\"https:\/\/www.tkc.si\/#website\",\"url\":\"https:\/\/www.tkc.si\/\",\"name\":\"TKC\",\"description\":\"Lasersko varjenje, metalur\u0161ki laboratorij, izdelava in prodaja varilnih \u017eic\",\"potentialAction\":[{\"@type\":\"SearchAction\",\"target\":{\"@type\":\"EntryPoint\",\"urlTemplate\":\"https:\/\/www.tkc.si\/?s={search_term_string}\"},\"query-input\":{\"@type\":\"PropertyValueSpecification\",\"valueRequired\":true,\"valueName\":\"search_term_string\"}}],\"inLanguage\":\"en-US\"}]}<\/script>\n<!-- \/ Yoast SEO plugin. -->","yoast_head_json":{"title":"About us | TKC","description":"The company was founded in 2002 as a support centre, mainly for the tool industry but also for others in the field of the welding repair of damaged","robots":{"index":"index","follow":"follow","max-snippet":"max-snippet:-1","max-image-preview":"max-image-preview:large","max-video-preview":"max-video-preview:-1"},"canonical":"https:\/\/www.tkc.si\/en\/about-us\/","og_locale":"en_US","og_type":"article","og_title":"About us | TKC","og_description":"The company was founded in 2002 as a support centre, mainly for the tool industry but also for others in the field of the welding repair of damaged","og_url":"https:\/\/www.tkc.si\/en\/about-us\/","og_site_name":"TKC","article_modified_time":"2023-02-21T12:49:19+00:00","twitter_card":"summary_large_image","twitter_misc":{"Est. reading time":"3 minutes"},"schema":{"@context":"https:\/\/schema.org","@graph":[{"@type":"WebPage","@id":"https:\/\/www.tkc.si\/en\/about-us\/","url":"https:\/\/www.tkc.si\/en\/about-us\/","name":"About us | TKC","isPartOf":{"@id":"https:\/\/www.tkc.si\/#website"},"datePublished":"2022-04-21T12:13:05+00:00","dateModified":"2023-02-21T12:49:19+00:00","description":"The company was founded in 2002 as a support centre, mainly for the tool industry but also for others in the field of the welding repair of damaged","breadcrumb":{"@id":"https:\/\/www.tkc.si\/en\/about-us\/#breadcrumb"},"inLanguage":"en-US","potentialAction":[{"@type":"ReadAction","target":["https:\/\/www.tkc.si\/en\/about-us\/"]}]},{"@type":"BreadcrumbList","@id":"https:\/\/www.tkc.si\/en\/about-us\/#breadcrumb","itemListElement":[{"@type":"ListItem","position":1,"name":"Domov","item":"https:\/\/www.tkc.si\/en\/"},{"@type":"ListItem","position":2,"name":"About us"}]},{"@type":"WebSite","@id":"https:\/\/www.tkc.si\/#website","url":"https:\/\/www.tkc.si\/","name":"TKC","description":"Lasersko varjenje, metalur\u0161ki laboratorij, izdelava in prodaja varilnih \u017eic","potentialAction":[{"@type":"SearchAction","target":{"@type":"EntryPoint","urlTemplate":"https:\/\/www.tkc.si\/?s={search_term_string}"},"query-input":{"@type":"PropertyValueSpecification","valueRequired":true,"valueName":"search_term_string"}}],"inLanguage":"en-US"}]}},"_links":{"self":[{"href":"https:\/\/www.tkc.si\/en\/wp-json\/wp\/v2\/pages\/1704","targetHints":{"allow":["GET"]}}],"collection":[{"href":"https:\/\/www.tkc.si\/en\/wp-json\/wp\/v2\/pages"}],"about":[{"href":"https:\/\/www.tkc.si\/en\/wp-json\/wp\/v2\/types\/page"}],"author":[{"embeddable":true,"href":"https:\/\/www.tkc.si\/en\/wp-json\/wp\/v2\/users\/1"}],"replies":[{"embeddable":true,"href":"https:\/\/www.tkc.si\/en\/wp-json\/wp\/v2\/comments?post=1704"}],"version-history":[{"count":2,"href":"https:\/\/www.tkc.si\/en\/wp-json\/wp\/v2\/pages\/1704\/revisions"}],"predecessor-version":[{"id":1873,"href":"https:\/\/www.tkc.si\/en\/wp-json\/wp\/v2\/pages\/1704\/revisions\/1873"}],"wp:attachment":[{"href":"https:\/\/www.tkc.si\/en\/wp-json\/wp\/v2\/media?parent=1704"}],"curies":[{"name":"wp","href":"https:\/\/api.w.org\/{rel}","templated":true}]}}