{"id":72,"date":"2025-01-16T13:39:57","date_gmt":"2025-01-16T12:39:57","guid":{"rendered":"https:\/\/pisarna.novisplet.com\/dev4\/tkc\/?page_id=72"},"modified":"2025-01-21T12:10:25","modified_gmt":"2025-01-21T11:10:25","slug":"nasveti","status":"publish","type":"page","link":"https:\/\/www.tkc.si\/trgovina\/nasveti\/","title":{"rendered":"Nasveti"},"content":{"rendered":"<div class=\"wpb-content-wrapper\"><p>[vc_row][vc_column]        \r\n        <div class=\"title-banner no-intro-image \">\r\n        <div class=\"container\">\r\n                  \r\n          <div class=\"breadcrumbs-container\">\r\n            <div class=\"container\">\r\n              <div class=\"breadcrumbs\">\r\n                <p id=\"breadcrumbs\"><span><span><a href=\"https:\/\/www.tkc.si\/trgovina\/\">Domov<\/a><\/span><\/span><\/p>                <div class=\"clearfix\"><\/div>\r\n              <\/div>\r\n            <\/div>\r\n          <\/div>\r\n          <div class=\"container\">\r\n                                              <h1>Nasveti<\/h1>\r\n                                      <\/div>\r\n               \r\n          \r\n        <\/div>\r\n        <\/div>\r\n        [\/vc_column][\/vc_row][vc_row][vc_column][vc_column_text]<strong>Trdote<\/strong><br \/>\nZapisane trdote izdelkov so okvirne. Podane so v HRc in se nana\u0161ajo na lasersko varjenje! Na trdoto lahko vpliva ve\u010d dejavnikov kot so: vrsta in stanje osnovnega materiala, toplotna obdelava, varilni parametri, vrsta postopka varjenja, \u0161tevilo slojev,\u2026<\/p>\n<p><strong>Za\u0161\u010ditni plin<\/strong><br \/>\nPri laserskem varjenju priporo\u010damo za\u0161\u010ditni plin Ar 4.8 ali celo 5.0.<\/p>\n<p><strong>Splo\u0161na pravila pri laserskem varjenju<\/strong><br \/>\nOsnova za kvalitetne vare je \u010disto\u010da, tako varjenca kot dodajnega materiala in okolice. V kolikor gre za varjenje razpokanih orodij, je potrebno pred varjenjem \u0161e posebej pozorno iz\u017elebiti razpoke in jih zavariti s primernim materialom. \u0160ele nato se lahko vari s tistimi \u017eicami, ki so sicer ob\u010dutljive na razpoke. To so ve\u010dinoma \u017eice, ki dajejo trde in obrabno odporne vare. V primeru, da se tega ne stori, se lahko razpoka zelo hitro raz\u0161iri v navarjeni material.<\/p>\n<p><strong>Pulzi<\/strong><br \/>\nOblikovanje pulzov omogo\u010dajo skoraj vsi pomembnej\u0161i proizvajalci laserskih naprav, se pa med proizvajalci mo\u010dno razlikuje. Nekateri ponujajo prakti\u010dno poljubno oblikovanje pulzov, nekateri pa le z nekaj to\u010dkami. Za kvalitetno varjenje nekaterih materialov (predvsem trdih in nekaterih aluminijevih litin) je uporaba oblikovanja pulzov prakti\u010dno obvezna. V nasprotnem primeru var poka, za kar ni kriv dodajni material, temve\u010d tehnolo\u0161ki postopek.<\/p>\n<p><strong>Parametri laserskega varjenja<\/strong><br \/>\nKer se lasersko varjenje bistveno razlikuje od ostalih postopkov varjenja, lahko parametri laserskega varjenja mnogokrat definirajo kvaliteto vara. Poleg \u010disto\u010de lahko tako vplivajo na: vsebnost por v varu, \u0161tevilo in velikost mikro razpok, trdote, velikost toplotno vplivanega podro\u010dja,&#8230;<\/p>\n<p>Ponudba \u017eic se redno dopolnjuje. V primeru, da \u017eeljene \u017eice ni v katalogu, nas prosim kontaktirajte. Ve\u010dina varilnih \u017eic je dobavljiva tudi za TIG postopek varjenja.<\/p>\n<p><em>Zgoraj zapisani podatki so pridobljeni iz lastnih meritev in podatkov proizvajalcev \u017eic. Pomembno se je zavedati, da zapisani podatki lahko tudi minimalno odstopajo, sicer v mejah tolerance, a vendarle. Kvaliteta oziroma kemi\u010dna sestava \u017eic je odvisna tudi od posameznih \u0161ar\u017e proizvajalcev.<\/em>[\/vc_column_text][\/vc_column][\/vc_row]<\/p>\n<\/div>","protected":false},"excerpt":{"rendered":"<p>[vc_row][vc_column][\/vc_column][\/vc_row][vc_row][vc_column][vc_column_text]Trdote Zapisane trdote izdelkov so okvirne. Podane so v HRc in se nana\u0161ajo na lasersko varjenje! Na trdoto lahko vpliva ve\u010d dejavnikov kot so: vrsta in stanje osnovnega materiala, toplotna obdelava, varilni parametri, vrsta postopka varjenja, \u0161tevilo slojev,\u2026 Za\u0161\u010ditni plin Pri laserskem varjenju priporo\u010damo za\u0161\u010ditni plin Ar 4.8 ali celo 5.0. Splo\u0161na pravila pri laserskem varjenju Osnova za kvalitetne vare je \u010disto\u010da, tako varjenca kot dodajnega materiala in okolice. V kolikor gre za varjenje razpokanih orodij, je potrebno pred varjenjem \u0161e posebej pozorno iz\u017elebiti razpoke in jih zavariti s primernim materialom. \u0160ele nato se lahko vari s tistimi \u017eicami, ki so sicer ob\u010dutljive na razpoke. To so ve\u010dinoma \u017eice, ki dajejo trde in obrabno odporne vare. V primeru, da se [&hellip;]<\/p>\n","protected":false},"author":1,"featured_media":0,"parent":0,"menu_order":1,"comment_status":"closed","ping_status":"closed","template":"","meta":{"_acf_changed":false,"footnotes":""},"class_list":["post-72","page","type-page","status-publish","hentry"],"acf":[],"yoast_head":"<!-- This site is optimized with the Yoast SEO plugin v24.2 - https:\/\/yoast.com\/wordpress\/plugins\/seo\/ -->\n<title>Nasveti - TKC<\/title>\n<meta name=\"robots\" content=\"index, follow, max-snippet:-1, max-image-preview:large, max-video-preview:-1\" \/>\n<link rel=\"canonical\" href=\"https:\/\/www.tkc.si\/trgovina\/nasveti\/\" \/>\n<meta property=\"og:locale\" content=\"sl_SI\" \/>\n<meta property=\"og:type\" content=\"article\" \/>\n<meta property=\"og:title\" content=\"Nasveti - TKC\" \/>\n<meta property=\"og:description\" content=\"[vc_row][vc_column][\/vc_column][\/vc_row][vc_row][vc_column][vc_column_text]Trdote Zapisane trdote izdelkov so okvirne. Podane so v HRc in se nana\u0161ajo na lasersko varjenje! Na trdoto lahko vpliva ve\u010d dejavnikov kot so: vrsta in stanje osnovnega materiala, toplotna obdelava, varilni parametri, vrsta postopka varjenja, \u0161tevilo slojev,\u2026 Za\u0161\u010ditni plin Pri laserskem varjenju priporo\u010damo za\u0161\u010ditni plin Ar 4.8 ali celo 5.0. Splo\u0161na pravila pri laserskem varjenju Osnova za kvalitetne vare je \u010disto\u010da, tako varjenca kot dodajnega materiala in okolice. V kolikor gre za varjenje razpokanih orodij, je potrebno pred varjenjem \u0161e posebej pozorno iz\u017elebiti razpoke in jih zavariti s primernim materialom. \u0160ele nato se lahko vari s tistimi \u017eicami, ki so sicer ob\u010dutljive na razpoke. To so ve\u010dinoma \u017eice, ki dajejo trde in obrabno odporne vare. V primeru, da se [&hellip;]\" \/>\n<meta property=\"og:url\" content=\"https:\/\/www.tkc.si\/trgovina\/nasveti\/\" \/>\n<meta property=\"og:site_name\" content=\"TKC\" \/>\n<meta property=\"article:publisher\" content=\"https:\/\/www.facebook.com\/people\/TKC-doo\/100072183555176\/\" \/>\n<meta property=\"article:modified_time\" content=\"2025-01-21T11:10:25+00:00\" \/>\n<meta name=\"twitter:card\" content=\"summary_large_image\" \/>\n<meta name=\"twitter:label1\" content=\"Est. reading time\" \/>\n\t<meta name=\"twitter:data1\" content=\"2 minuti\" \/>\n<script type=\"application\/ld+json\" class=\"yoast-schema-graph\">{\"@context\":\"https:\/\/schema.org\",\"@graph\":[{\"@type\":\"WebPage\",\"@id\":\"https:\/\/www.tkc.si\/trgovina\/nasveti\/\",\"url\":\"https:\/\/www.tkc.si\/trgovina\/nasveti\/\",\"name\":\"Nasveti - TKC\",\"isPartOf\":{\"@id\":\"https:\/\/www.tkc.si\/trgovina\/#website\"},\"datePublished\":\"2025-01-16T12:39:57+00:00\",\"dateModified\":\"2025-01-21T11:10:25+00:00\",\"breadcrumb\":{\"@id\":\"https:\/\/www.tkc.si\/trgovina\/nasveti\/#breadcrumb\"},\"inLanguage\":\"sl-SI\",\"potentialAction\":[{\"@type\":\"ReadAction\",\"target\":[\"https:\/\/www.tkc.si\/trgovina\/nasveti\/\"]}]},{\"@type\":\"BreadcrumbList\",\"@id\":\"https:\/\/www.tkc.si\/trgovina\/nasveti\/#breadcrumb\",\"itemListElement\":[{\"@type\":\"ListItem\",\"position\":1,\"name\":\"Domov\",\"item\":\"https:\/\/www.tkc.si\/trgovina\/\"},{\"@type\":\"ListItem\",\"position\":2,\"name\":\"Nasveti\"}]},{\"@type\":\"WebSite\",\"@id\":\"https:\/\/www.tkc.si\/trgovina\/#website\",\"url\":\"https:\/\/www.tkc.si\/trgovina\/\",\"name\":\"TKC\",\"description\":\"\",\"publisher\":{\"@id\":\"https:\/\/www.tkc.si\/trgovina\/#organization\"},\"potentialAction\":[{\"@type\":\"SearchAction\",\"target\":{\"@type\":\"EntryPoint\",\"urlTemplate\":\"https:\/\/www.tkc.si\/trgovina\/?s={search_term_string}\"},\"query-input\":{\"@type\":\"PropertyValueSpecification\",\"valueRequired\":true,\"valueName\":\"search_term_string\"}}],\"inLanguage\":\"sl-SI\"},{\"@type\":\"Organization\",\"@id\":\"https:\/\/www.tkc.si\/trgovina\/#organization\",\"name\":\"TKC\",\"url\":\"https:\/\/www.tkc.si\/trgovina\/\",\"logo\":{\"@type\":\"ImageObject\",\"inLanguage\":\"sl-SI\",\"@id\":\"https:\/\/www.tkc.si\/trgovina\/#\/schema\/logo\/image\/\",\"url\":\"https:\/\/www.tkc.si\/trgovina\/wp-content\/uploads\/2025\/01\/tkc-logo-1.png\",\"contentUrl\":\"https:\/\/www.tkc.si\/trgovina\/wp-content\/uploads\/2025\/01\/tkc-logo-1.png\",\"width\":230,\"height\":56,\"caption\":\"TKC\"},\"image\":{\"@id\":\"https:\/\/www.tkc.si\/trgovina\/#\/schema\/logo\/image\/\"},\"sameAs\":[\"https:\/\/www.facebook.com\/people\/TKC-doo\/100072183555176\/\"]}]}<\/script>\n<!-- \/ Yoast SEO plugin. -->","yoast_head_json":{"title":"Nasveti - TKC","robots":{"index":"index","follow":"follow","max-snippet":"max-snippet:-1","max-image-preview":"max-image-preview:large","max-video-preview":"max-video-preview:-1"},"canonical":"https:\/\/www.tkc.si\/trgovina\/nasveti\/","og_locale":"sl_SI","og_type":"article","og_title":"Nasveti - TKC","og_description":"[vc_row][vc_column][\/vc_column][\/vc_row][vc_row][vc_column][vc_column_text]Trdote Zapisane trdote izdelkov so okvirne. Podane so v HRc in se nana\u0161ajo na lasersko varjenje! Na trdoto lahko vpliva ve\u010d dejavnikov kot so: vrsta in stanje osnovnega materiala, toplotna obdelava, varilni parametri, vrsta postopka varjenja, \u0161tevilo slojev,\u2026 Za\u0161\u010ditni plin Pri laserskem varjenju priporo\u010damo za\u0161\u010ditni plin Ar 4.8 ali celo 5.0. Splo\u0161na pravila pri laserskem varjenju Osnova za kvalitetne vare je \u010disto\u010da, tako varjenca kot dodajnega materiala in okolice. V kolikor gre za varjenje razpokanih orodij, je potrebno pred varjenjem \u0161e posebej pozorno iz\u017elebiti razpoke in jih zavariti s primernim materialom. \u0160ele nato se lahko vari s tistimi \u017eicami, ki so sicer ob\u010dutljive na razpoke. To so ve\u010dinoma \u017eice, ki dajejo trde in obrabno odporne vare. V primeru, da se [&hellip;]","og_url":"https:\/\/www.tkc.si\/trgovina\/nasveti\/","og_site_name":"TKC","article_publisher":"https:\/\/www.facebook.com\/people\/TKC-doo\/100072183555176\/","article_modified_time":"2025-01-21T11:10:25+00:00","twitter_card":"summary_large_image","twitter_misc":{"Est. reading time":"2 minuti"},"schema":{"@context":"https:\/\/schema.org","@graph":[{"@type":"WebPage","@id":"https:\/\/www.tkc.si\/trgovina\/nasveti\/","url":"https:\/\/www.tkc.si\/trgovina\/nasveti\/","name":"Nasveti - TKC","isPartOf":{"@id":"https:\/\/www.tkc.si\/trgovina\/#website"},"datePublished":"2025-01-16T12:39:57+00:00","dateModified":"2025-01-21T11:10:25+00:00","breadcrumb":{"@id":"https:\/\/www.tkc.si\/trgovina\/nasveti\/#breadcrumb"},"inLanguage":"sl-SI","potentialAction":[{"@type":"ReadAction","target":["https:\/\/www.tkc.si\/trgovina\/nasveti\/"]}]},{"@type":"BreadcrumbList","@id":"https:\/\/www.tkc.si\/trgovina\/nasveti\/#breadcrumb","itemListElement":[{"@type":"ListItem","position":1,"name":"Domov","item":"https:\/\/www.tkc.si\/trgovina\/"},{"@type":"ListItem","position":2,"name":"Nasveti"}]},{"@type":"WebSite","@id":"https:\/\/www.tkc.si\/trgovina\/#website","url":"https:\/\/www.tkc.si\/trgovina\/","name":"TKC","description":"","publisher":{"@id":"https:\/\/www.tkc.si\/trgovina\/#organization"},"potentialAction":[{"@type":"SearchAction","target":{"@type":"EntryPoint","urlTemplate":"https:\/\/www.tkc.si\/trgovina\/?s={search_term_string}"},"query-input":{"@type":"PropertyValueSpecification","valueRequired":true,"valueName":"search_term_string"}}],"inLanguage":"sl-SI"},{"@type":"Organization","@id":"https:\/\/www.tkc.si\/trgovina\/#organization","name":"TKC","url":"https:\/\/www.tkc.si\/trgovina\/","logo":{"@type":"ImageObject","inLanguage":"sl-SI","@id":"https:\/\/www.tkc.si\/trgovina\/#\/schema\/logo\/image\/","url":"https:\/\/www.tkc.si\/trgovina\/wp-content\/uploads\/2025\/01\/tkc-logo-1.png","contentUrl":"https:\/\/www.tkc.si\/trgovina\/wp-content\/uploads\/2025\/01\/tkc-logo-1.png","width":230,"height":56,"caption":"TKC"},"image":{"@id":"https:\/\/www.tkc.si\/trgovina\/#\/schema\/logo\/image\/"},"sameAs":["https:\/\/www.facebook.com\/people\/TKC-doo\/100072183555176\/"]}]}},"_links":{"self":[{"href":"https:\/\/www.tkc.si\/trgovina\/wp-json\/wp\/v2\/pages\/72","targetHints":{"allow":["GET"]}}],"collection":[{"href":"https:\/\/www.tkc.si\/trgovina\/wp-json\/wp\/v2\/pages"}],"about":[{"href":"https:\/\/www.tkc.si\/trgovina\/wp-json\/wp\/v2\/types\/page"}],"author":[{"embeddable":true,"href":"https:\/\/www.tkc.si\/trgovina\/wp-json\/wp\/v2\/users\/1"}],"replies":[{"embeddable":true,"href":"https:\/\/www.tkc.si\/trgovina\/wp-json\/wp\/v2\/comments?post=72"}],"version-history":[{"count":7,"href":"https:\/\/www.tkc.si\/trgovina\/wp-json\/wp\/v2\/pages\/72\/revisions"}],"predecessor-version":[{"id":512,"href":"https:\/\/www.tkc.si\/trgovina\/wp-json\/wp\/v2\/pages\/72\/revisions\/512"}],"wp:attachment":[{"href":"https:\/\/www.tkc.si\/trgovina\/wp-json\/wp\/v2\/media?parent=72"}],"curies":[{"name":"wp","href":"https:\/\/api.w.org\/{rel}","templated":true}]}}