{"id":76,"date":"2025-01-16T13:40:34","date_gmt":"2025-01-16T12:40:34","guid":{"rendered":"https:\/\/pisarna.novisplet.com\/dev4\/tkc\/?page_id=76"},"modified":"2025-02-12T07:50:26","modified_gmt":"2025-02-12T07:50:26","slug":"kontakt","status":"publish","type":"page","link":"https:\/\/www.tkc.si\/trgovina\/kontakt\/","title":{"rendered":"Kontakt"},"content":{"rendered":"<div class=\"wpb-content-wrapper\"><p>[vc_row][vc_column]        \r\n        <div class=\"title-banner no-intro-image \">\r\n        <div class=\"container\">\r\n                  \r\n          <div class=\"breadcrumbs-container\">\r\n            <div class=\"container\">\r\n              <div class=\"breadcrumbs\">\r\n                <p id=\"breadcrumbs\"><span><span><a href=\"https:\/\/www.tkc.si\/trgovina\/\">Domov<\/a><\/span><\/span><\/p>                <div class=\"clearfix\"><\/div>\r\n              <\/div>\r\n            <\/div>\r\n          <\/div>\r\n          <div class=\"container\">\r\n                                              <h1>Kontakt<\/h1>\r\n                                      <\/div>\r\n               \r\n          \r\n        <\/div>\r\n        <\/div>\r\n        [\/vc_column][\/vc_row][vc_row][vc_column el_class=&#8221;kontakt-info-col&#8221; offset=&#8221;vc_col-lg-5 vc_col-md-5&#8243;][vc_column_text]<strong>Tehnolo\u0161ki konzultantski center d.o.o.<\/strong><br \/>\nLitostrojska cesta 60<br \/>\n1000 Ljubljana[\/vc_column_text]\t\t\n\t\t<div class=\"ns-cwi-container \">\n\t\t\t<div class=\"ns-cwi-icon\">\n               <svg width=\"17\" height=\"17\" viewBox=\"0 0 17 17\" fill=\"none\" xmlns=\"http:\/\/www.w3.org\/2000\/svg\">\n<path fill-rule=\"evenodd\" clip-rule=\"evenodd\" d=\"M15.295 16.9592L15.2935 16.9593C14.9203 16.9849 14.5968 17 14.3333 17C6.41688 17 0 10.5831 0 2.66667C0 2.40431 0.0140975 2.08122 0.04084 1.70424C0.0735041 1.24151 0.280371 0.808346 0.61976 0.492082C0.959224 0.175748 1.406 -9.55427e-05 1.87 6.31674e-08H4.81625C4.81611 6.31674e-08 4.81639 6.31674e-08 4.81625 6.31674e-08C5.16733 -0.000104722 5.50638 0.130161 5.76689 0.365558C6.02764 0.601181 6.19151 0.925317 6.22665 1.275C6.24532 1.46165 6.26119 1.59798 6.27481 1.69258C6.42612 2.74858 6.7363 3.77621 7.19466 4.7395C7.48112 5.34259 7.29569 6.06668 6.75003 6.45567C6.74958 6.45599 6.74914 6.4563 6.74869 6.45662L5.63422 7.25297C6.56097 9.00607 7.99493 10.44 9.74806 11.3667L10.544 10.2534C10.7327 9.9896 11.0082 9.80019 11.3221 9.71856C11.636 9.63693 11.9686 9.66807 12.2619 9.80654L12.2641 9.80757C13.2272 10.2651 14.254 10.5744 15.3096 10.725L15.3108 10.7252C15.4056 10.7388 15.5415 10.7547 15.727 10.7734L15.7287 10.7735C16.0778 10.8094 16.4013 10.9735 16.6363 11.2342C16.8747 11.4986 17.0001 11.8383 17 12.1834C17 12.1838 17 12.1842 17 12.1845V15.1295C17 15.1294 17 15.1297 17 15.1295C17.0001 15.5935 16.8243 16.0408 16.5079 16.3802C16.1915 16.7198 15.758 16.9267 15.295 16.9592ZM16 15.13V12.1833C16.0001 12.0801 15.9628 11.9805 15.8936 11.9038C15.8245 11.8271 15.7294 11.7789 15.6267 11.7683C15.4367 11.7492 15.2842 11.7317 15.1683 11.715C14.013 11.5501 12.8892 11.2116 11.835 10.7108C11.7535 10.6723 11.661 10.6637 11.5737 10.6864C11.4865 10.7091 11.41 10.7617 11.3575 10.835L10.0742 12.63C7.51212 11.5305 5.47038 9.48871 4.37083 6.92667L6.16917 5.64167C6.31917 5.535 6.37083 5.33583 6.29167 5.16917C5.79 4.11486 5.45061 2.99077 5.285 1.835C5.26833 1.71917 5.25083 1.56667 5.23167 1.375C5.22133 1.27215 5.17313 1.17682 5.09644 1.10752C5.01975 1.03822 4.92003 0.999895 4.81667 1H1.87C1.65902 0.999904 1.45585 1.07984 1.3015 1.22367C1.14715 1.36751 1.0531 1.56454 1.03833 1.775C1.0125 2.13917 1 2.43667 1 2.66667C1 10.0308 6.96917 16 14.3333 16C14.5633 16 14.8608 15.9867 15.225 15.9617C15.4355 15.9469 15.6325 15.8528 15.7763 15.6985C15.9202 15.5441 16.0001 15.341 16 15.13Z\" fill=\"black\"\/>\n<\/svg>\n\t\t\t<\/div>\n\t\t\t<div class=\"ns-cwi-content\">\n                <a href=\"tel:0038641684751\">041 684 751<\/a>\t\t\t<\/div>\n\t\t<\/div>\n\n\n\t\t\t\t\n\t\t<div class=\"ns-cwi-container \">\n\t\t\t<div class=\"ns-cwi-icon\">\n               <svg width=\"17\" height=\"17\" viewBox=\"0 0 17 17\" fill=\"none\" xmlns=\"http:\/\/www.w3.org\/2000\/svg\">\n<path fill-rule=\"evenodd\" clip-rule=\"evenodd\" d=\"M15.295 16.9592L15.2935 16.9593C14.9203 16.9849 14.5968 17 14.3333 17C6.41688 17 0 10.5831 0 2.66667C0 2.40431 0.0140975 2.08122 0.04084 1.70424C0.0735041 1.24151 0.280371 0.808346 0.61976 0.492082C0.959224 0.175748 1.406 -9.55427e-05 1.87 6.31674e-08H4.81625C4.81611 6.31674e-08 4.81639 6.31674e-08 4.81625 6.31674e-08C5.16733 -0.000104722 5.50638 0.130161 5.76689 0.365558C6.02764 0.601181 6.19151 0.925317 6.22665 1.275C6.24532 1.46165 6.26119 1.59798 6.27481 1.69258C6.42612 2.74858 6.7363 3.77621 7.19466 4.7395C7.48112 5.34259 7.29569 6.06668 6.75003 6.45567C6.74958 6.45599 6.74914 6.4563 6.74869 6.45662L5.63422 7.25297C6.56097 9.00607 7.99493 10.44 9.74806 11.3667L10.544 10.2534C10.7327 9.9896 11.0082 9.80019 11.3221 9.71856C11.636 9.63693 11.9686 9.66807 12.2619 9.80654L12.2641 9.80757C13.2272 10.2651 14.254 10.5744 15.3096 10.725L15.3108 10.7252C15.4056 10.7388 15.5415 10.7547 15.727 10.7734L15.7287 10.7735C16.0778 10.8094 16.4013 10.9735 16.6363 11.2342C16.8747 11.4986 17.0001 11.8383 17 12.1834C17 12.1838 17 12.1842 17 12.1845V15.1295C17 15.1294 17 15.1297 17 15.1295C17.0001 15.5935 16.8243 16.0408 16.5079 16.3802C16.1915 16.7198 15.758 16.9267 15.295 16.9592ZM16 15.13V12.1833C16.0001 12.0801 15.9628 11.9805 15.8936 11.9038C15.8245 11.8271 15.7294 11.7789 15.6267 11.7683C15.4367 11.7492 15.2842 11.7317 15.1683 11.715C14.013 11.5501 12.8892 11.2116 11.835 10.7108C11.7535 10.6723 11.661 10.6637 11.5737 10.6864C11.4865 10.7091 11.41 10.7617 11.3575 10.835L10.0742 12.63C7.51212 11.5305 5.47038 9.48871 4.37083 6.92667L6.16917 5.64167C6.31917 5.535 6.37083 5.33583 6.29167 5.16917C5.79 4.11486 5.45061 2.99077 5.285 1.835C5.26833 1.71917 5.25083 1.56667 5.23167 1.375C5.22133 1.27215 5.17313 1.17682 5.09644 1.10752C5.01975 1.03822 4.92003 0.999895 4.81667 1H1.87C1.65902 0.999904 1.45585 1.07984 1.3015 1.22367C1.14715 1.36751 1.0531 1.56454 1.03833 1.775C1.0125 2.13917 1 2.43667 1 2.66667C1 10.0308 6.96917 16 14.3333 16C14.5633 16 14.8608 15.9867 15.225 15.9617C15.4355 15.9469 15.6325 15.8528 15.7763 15.6985C15.9202 15.5441 16.0001 15.341 16 15.13Z\" fill=\"black\"\/>\n<\/svg>\n\t\t\t<\/div>\n\t\t\t<div class=\"ns-cwi-content\">\n                <a href=\"tel:0038641822875\">041 822 875<\/a>\t\t\t<\/div>\n\t\t<\/div>\n\n\n\t\t\t\t\n\t\t<div class=\"ns-cwi-container \">\n\t\t\t<div class=\"ns-cwi-icon\">\n               <svg width=\"18\" height=\"14\" viewBox=\"0 0 18 14\" fill=\"none\" xmlns=\"http:\/\/www.w3.org\/2000\/svg\">\n<path d=\"M1.615 14C1.155 14 0.771 13.846 0.463 13.538C0.155 13.23 0.000666667 12.8457 0 12.385V1.615C0 1.155 0.154333 0.771 0.463 0.463C0.771667 0.155 1.15567 0.000666667 1.615 0H16.385C16.845 0 17.229 0.154333 17.537 0.463C17.845 0.771667 17.9993 1.15567 18 1.615V12.385C18 12.845 17.846 13.229 17.538 13.537C17.23 13.845 16.8457 13.9993 16.385 14H1.615ZM9 7.115L1 1.885V12.385C1 12.5643 1.05767 12.7117 1.173 12.827C1.28833 12.9423 1.43567 13 1.615 13H16.385C16.5643 13 16.7117 12.9423 16.827 12.827C16.9423 12.7117 17 12.5643 17 12.385V1.885L9 7.115ZM9 6L16.692 1H1.308L9 6ZM1 1.885V1V12.385C1 12.5643 1.05767 12.7117 1.173 12.827C1.28833 12.9423 1.43567 13 1.615 13H1V1.885Z\" fill=\"black\"\/>\n<\/svg>\n\t\t\t<\/div>\n\t\t\t<div class=\"ns-cwi-content\">\n                <a href=\"&#x6d;a&#x69;&#x6c;t&#x6f;&#58;i&#x6e;&#102;o&#x40;&#116;k&#x63;&#46;s&#x69;\">&#x69;&#x6e;fo&#x40;&#x74;&#107;c.&#x73;&#x69;<\/a>\t\t\t<\/div>\n\t\t<\/div>\n\n\n\t\t[vc_column_text]D.\u0160.: 80152082<br \/>\nM.\u0160.: 1689754000<br \/>\nTRR: SI56 0201 8009 0918 353 (NLB d.d.)[\/vc_column_text][\/vc_column][vc_column offset=&#8221;vc_col-lg-7 vc_col-md-7&#8243;]\n<div class=\"wpcf7 no-js\" id=\"wpcf7-f193-o1\" lang=\"sl-SI\" dir=\"ltr\" data-wpcf7-id=\"193\">\n<div class=\"screen-reader-response\"><p role=\"status\" aria-live=\"polite\" aria-atomic=\"true\"><\/p> <ul><\/ul><\/div>\n<form action=\"\/trgovina\/wp-json\/wp\/v2\/pages\/76#wpcf7-f193-o1\" method=\"post\" class=\"wpcf7-form init\" aria-label=\"Contact form\" novalidate=\"novalidate\" data-status=\"init\">\n<div style=\"display: none;\">\n<input type=\"hidden\" name=\"_wpcf7\" value=\"193\" \/>\n<input type=\"hidden\" name=\"_wpcf7_version\" value=\"6.0.3\" \/>\n<input type=\"hidden\" name=\"_wpcf7_locale\" value=\"sl_SI\" \/>\n<input type=\"hidden\" name=\"_wpcf7_unit_tag\" value=\"wpcf7-f193-o1\" \/>\n<input type=\"hidden\" name=\"_wpcf7_container_post\" value=\"0\" \/>\n<input type=\"hidden\" name=\"_wpcf7_posted_data_hash\" value=\"\" \/>\n<\/div>\n<div class=\"kontobrazec\">\n\t<h3>Kontaktni obrazec\n\t<\/h3>\n\t<p>Kontaktirajte nas in odgovorili vam bomo v najkraj\u0161em mo\u017enem \u010dasu.\n\t<\/p>\n\t<div class=\"row\">\n\t\t<div class=\"col-md-12\">\n\t\t\t<div class=\"kont-povpr-izd-title\">\n\t\t\t\t<div>\n\t\t\t\t\t<p>Povpra\u0161evanje za izdelek\n\t\t\t\t\t<\/p>\n\t\t\t\t<\/div>\n\t\t\t\t<p><span class=\"wpcf7-form-control-wrap\" data-name=\"prod\"><input size=\"40\" maxlength=\"400\" class=\"wpcf7-form-control wpcf7-text\" readonly=\"readonly\" aria-invalid=\"false\" value=\"\" type=\"text\" name=\"prod\" \/><\/span>\n\t\t\t\t<\/p>\n\t\t\t<\/div>\n\t\t\t<p><span class=\"wpcf7-form-control-wrap\" data-name=\"your-name\"><input size=\"40\" maxlength=\"400\" class=\"wpcf7-form-control wpcf7-text wpcf7-validates-as-required\" aria-required=\"true\" aria-invalid=\"false\" placeholder=\"Ime in priimek *\" value=\"\" type=\"text\" name=\"your-name\" \/><\/span>\n\t\t\t<\/p>\n\t\t\t<p><span class=\"wpcf7-form-control-wrap\" data-name=\"your-email\"><input size=\"40\" maxlength=\"400\" class=\"wpcf7-form-control wpcf7-email wpcf7-validates-as-required wpcf7-text wpcf7-validates-as-email\" aria-required=\"true\" aria-invalid=\"false\" placeholder=\"Va\u0161a e-po\u0161ta *\" value=\"\" type=\"email\" name=\"your-email\" \/><\/span>\n\t\t\t<\/p>\n\t\t\t<p><span class=\"wpcf7-form-control-wrap\" data-name=\"your-phone\"><input size=\"40\" maxlength=\"400\" class=\"wpcf7-form-control wpcf7-text wpcf7-validates-as-required\" aria-required=\"true\" aria-invalid=\"false\" placeholder=\"Va\u0161a telefonska \u0161tevilka *\" value=\"\" type=\"text\" name=\"your-phone\" \/><\/span>\n\t\t\t<\/p>\n\t\t\t<p><span class=\"wpcf7-form-control-wrap\" data-name=\"your-message\"><textarea cols=\"40\" rows=\"10\" maxlength=\"2000\" class=\"wpcf7-form-control wpcf7-textarea\" aria-invalid=\"false\" placeholder=\"Vsebina sporo\u010dila...\" name=\"your-message\"><\/textarea><\/span>\n\t\t\t<\/p>\n\t\t\t<p>Polja ozna\u010dena z * so obvezna!\n\t\t\t<\/p>\n\t\t<\/div>\n\t<\/div>\n\t<p><span class=\"wpcf7-form-control-wrap\" data-name=\"your-consent\"><span class=\"wpcf7-form-control wpcf7-acceptance\"><span class=\"wpcf7-list-item\"><label><input type=\"checkbox\" name=\"your-consent\" value=\"1\" aria-invalid=\"false\" \/><span class=\"wpcf7-list-item-label\">Strinjam se, da TKC d.o.o. hrani osebne podatke na obrazcu za notranjo uporabo in komunikacijo z mano za namene predlo\u017eene zahteve. Uporabnik lahko zahteva izbris osebnih podatkov po elektronski po\u0161ti <a href=\"mailto:info&#64;tkc.si\">&#x69;nf&#x6f;&#64;t&#x6b;&#99;.&#x73;&#105;<\/a>.<\/span><\/label><\/span><\/span><\/span><br \/>\n<span class=\"wpcf7-form-control-wrap\" data-name=\"hcap-cf7\">\t\t<input\n\t\t\t\ttype=\"hidden\"\n\t\t\t\tclass=\"hcaptcha-widget-id\"\n\t\t\t\tname=\"hcaptcha-widget-id\"\n\t\t\t\tvalue=\"eyJzb3VyY2UiOlsiY29udGFjdC1mb3JtLTdcL3dwLWNvbnRhY3QtZm9ybS03LnBocCJdLCJmb3JtX2lkIjoxOTN9-29bb668ca43172ae8548d9ff2da29c25\">\n\t\t\t\t<span id=\"hcap_cf7-69f2433d425387.85599606\" class=\"wpcf7-form-control h-captcha \"\n\t\t\tdata-sitekey=\"a960ce94-9b38-47b6-b834-d6cc29ec5356\"\n\t\t\tdata-theme=\"light\"\n\t\t\tdata-size=\"normal\"\n\t\t\tdata-auto=\"false\"\n\t\t\tdata-ajax=\"false\"\n\t\t\tdata-force=\"false\">\n\t\t<\/span>\n\t\t<input type=\"hidden\" id=\"_wpnonce\" name=\"_wpnonce\" value=\"5c878d13e2\" \/><input type=\"hidden\" name=\"_wp_http_referer\" value=\"\/trgovina\/wp-json\/wp\/v2\/pages\/76\" \/><\/span>\n\t<\/p>\n\t<p><button id=\"submit\" class=\"wpcf7-form-control wpcf7-submit btn-primary btn btn-lg\">Po\u0161lji<\/button>\n\t<\/p>\n<\/div><div class=\"wpcf7-response-output\" aria-hidden=\"true\"><\/div>\n<\/form>\n<\/div>\n[\/vc_column][\/vc_row][vc_row full_width=&#8221;stretch_row_content_no_spaces&#8221;][vc_column][vc_gmaps link=&#8221;#E-8_JTNDaWZyYW1lJTIwc3JjJTNEJTIyaHR0cHMlM0ElMkYlMkZ3d3cuZ29vZ2xlLmNvbSUyRm1hcHMlMkZlbWJlZCUzRnBiJTNEJTIxMW0xOCUyMTFtMTIlMjExbTMlMjExZDI3NjcuNTQ2NzQwNDM2NDc2MyUyMTJkMTQuNDk0NjE3Mjc3NDI2NjgyJTIxM2Q0Ni4wODAwNzgyOTIxMzQzOSUyMTJtMyUyMTFmMCUyMTJmMCUyMTNmMCUyMTNtMiUyMTFpMTAyNCUyMTJpNzY4JTIxNGYxMy4xJTIxM20zJTIxMW0yJTIxMXMweDQ3NjUzMmNmMzkzYWFmYjclMjUzQTB4NmQ5ZThmYzRhNDkyMDdlMCUyMTJzVEtDJTI1MjBUZWhub2xvJTI1QzUlMjVBMWtpJTI1MjBrb256dWx0YW50c2tpJTI1MjBjZW50ZXIlMjUyMGQuby5vLiUyNTIwTGp1YmxqYW5hJTIxNWUwJTIxM20yJTIxMXNlbiUyMTJzc2klMjE0djE3MzgxNTM1MTg0MzklMjE1bTIlMjExc2VuJTIxMnNzaSUyMiUyMHdpZHRoJTNEJTIyNjAwJTIyJTIwaGVpZ2h0JTNEJTIyNDUwJTIyJTIwc3R5bGUlM0QlMjJib3JkZXIlM0EwJTNCJTIyJTIwYWxsb3dmdWxsc2NyZWVuJTNEJTIyJTIyJTIwbG9hZGluZyUzRCUyMmxhenklMjIlMjByZWZlcnJlcnBvbGljeSUzRCUyMm5vLXJlZmVycmVyLXdoZW4tZG93bmdyYWRlJTIyJTNFJTNDJTJGaWZyYW1lJTNF&#8221;][\/vc_column][\/vc_row]<\/p>\n<\/div>","protected":false},"excerpt":{"rendered":"<p>[vc_row][vc_column][\/vc_column][\/vc_row][vc_row][vc_column el_class=&#8221;kontakt-info-col&#8221; offset=&#8221;vc_col-lg-5 vc_col-md-5&#8243;][vc_column_text]Tehnolo\u0161ki konzultantski center d.o.o. Litostrojska cesta 60 1000 Ljubljana[\/vc_column_text][vc_column_text]D.\u0160.: 80152082 M.\u0160.: 1689754000 TRR: SI56 0201 8009 0918 353 (NLB d.d.)[\/vc_column_text][\/vc_column][vc_column offset=&#8221;vc_col-lg-7 vc_col-md-7&#8243;][\/vc_column][\/vc_row][vc_row full_width=&#8221;stretch_row_content_no_spaces&#8221;][vc_column][vc_gmaps link=&#8221;#E-8_JTNDaWZyYW1lJTIwc3JjJTNEJTIyaHR0cHMlM0ElMkYlMkZ3d3cuZ29vZ2xlLmNvbSUyRm1hcHMlMkZlbWJlZCUzRnBiJTNEJTIxMW0xOCUyMTFtMTIlMjExbTMlMjExZDI3NjcuNTQ2NzQwNDM2NDc2MyUyMTJkMTQuNDk0NjE3Mjc3NDI2NjgyJTIxM2Q0Ni4wODAwNzgyOTIxMzQzOSUyMTJtMyUyMTFmMCUyMTJmMCUyMTNmMCUyMTNtMiUyMTFpMTAyNCUyMTJpNzY4JTIxNGYxMy4xJTIxM20zJTIxMW0yJTIxMXMweDQ3NjUzMmNmMzkzYWFmYjclMjUzQTB4NmQ5ZThmYzRhNDkyMDdlMCUyMTJzVEtDJTI1MjBUZWhub2xvJTI1QzUlMjVBMWtpJTI1MjBrb256dWx0YW50c2tpJTI1MjBjZW50ZXIlMjUyMGQuby5vLiUyNTIwTGp1YmxqYW5hJTIxNWUwJTIxM20yJTIxMXNlbiUyMTJzc2klMjE0djE3MzgxNTM1MTg0MzklMjE1bTIlMjExc2VuJTIxMnNzaSUyMiUyMHdpZHRoJTNEJTIyNjAwJTIyJTIwaGVpZ2h0JTNEJTIyNDUwJTIyJTIwc3R5bGUlM0QlMjJib3JkZXIlM0EwJTNCJTIyJTIwYWxsb3dmdWxsc2NyZWVuJTNEJTIyJTIyJTIwbG9hZGluZyUzRCUyMmxhenklMjIlMjByZWZlcnJlcnBvbGljeSUzRCUyMm5vLXJlZmVycmVyLXdoZW4tZG93bmdyYWRlJTIyJTNFJTNDJTJGaWZyYW1lJTNF&#8221;][\/vc_column][\/vc_row]<\/p>\n","protected":false},"author":1,"featured_media":0,"parent":0,"menu_order":3,"comment_status":"closed","ping_status":"closed","template":"","meta":{"_acf_changed":false,"footnotes":""},"class_list":["post-76","page","type-page","status-publish","hentry"],"acf":[],"yoast_head":"<!-- This site is optimized with the Yoast SEO plugin v24.2 - https:\/\/yoast.com\/wordpress\/plugins\/seo\/ -->\n<title>Kontakt - TKC<\/title>\n<meta name=\"robots\" content=\"index, follow, max-snippet:-1, max-image-preview:large, max-video-preview:-1\" \/>\n<link rel=\"canonical\" href=\"https:\/\/www.tkc.si\/trgovina\/kontakt\/\" \/>\n<meta property=\"og:locale\" content=\"sl_SI\" \/>\n<meta property=\"og:type\" content=\"article\" \/>\n<meta property=\"og:title\" content=\"Kontakt - TKC\" \/>\n<meta property=\"og:description\" content=\"[vc_row][vc_column][\/vc_column][\/vc_row][vc_row][vc_column el_class=&#8221;kontakt-info-col&#8221; offset=&#8221;vc_col-lg-5 vc_col-md-5&#8243;][vc_column_text]Tehnolo\u0161ki konzultantski center d.o.o. Litostrojska cesta 60 1000 Ljubljana[\/vc_column_text][vc_column_text]D.\u0160.: 80152082 M.\u0160.: 1689754000 TRR: SI56 0201 8009 0918 353 (NLB d.d.)[\/vc_column_text][\/vc_column][vc_column offset=&#8221;vc_col-lg-7 vc_col-md-7&#8243;][\/vc_column][\/vc_row][vc_row full_width=&#8221;stretch_row_content_no_spaces&#8221;][vc_column][vc_gmaps link=&#8221;#E-8_JTNDaWZyYW1lJTIwc3JjJTNEJTIyaHR0cHMlM0ElMkYlMkZ3d3cuZ29vZ2xlLmNvbSUyRm1hcHMlMkZlbWJlZCUzRnBiJTNEJTIxMW0xOCUyMTFtMTIlMjExbTMlMjExZDI3NjcuNTQ2NzQwNDM2NDc2MyUyMTJkMTQuNDk0NjE3Mjc3NDI2NjgyJTIxM2Q0Ni4wODAwNzgyOTIxMzQzOSUyMTJtMyUyMTFmMCUyMTJmMCUyMTNmMCUyMTNtMiUyMTFpMTAyNCUyMTJpNzY4JTIxNGYxMy4xJTIxM20zJTIxMW0yJTIxMXMweDQ3NjUzMmNmMzkzYWFmYjclMjUzQTB4NmQ5ZThmYzRhNDkyMDdlMCUyMTJzVEtDJTI1MjBUZWhub2xvJTI1QzUlMjVBMWtpJTI1MjBrb256dWx0YW50c2tpJTI1MjBjZW50ZXIlMjUyMGQuby5vLiUyNTIwTGp1YmxqYW5hJTIxNWUwJTIxM20yJTIxMXNlbiUyMTJzc2klMjE0djE3MzgxNTM1MTg0MzklMjE1bTIlMjExc2VuJTIxMnNzaSUyMiUyMHdpZHRoJTNEJTIyNjAwJTIyJTIwaGVpZ2h0JTNEJTIyNDUwJTIyJTIwc3R5bGUlM0QlMjJib3JkZXIlM0EwJTNCJTIyJTIwYWxsb3dmdWxsc2NyZWVuJTNEJTIyJTIyJTIwbG9hZGluZyUzRCUyMmxhenklMjIlMjByZWZlcnJlcnBvbGljeSUzRCUyMm5vLXJlZmVycmVyLXdoZW4tZG93bmdyYWRlJTIyJTNFJTNDJTJGaWZyYW1lJTNF&#8221;][\/vc_column][\/vc_row]\" \/>\n<meta property=\"og:url\" content=\"https:\/\/www.tkc.si\/trgovina\/kontakt\/\" \/>\n<meta property=\"og:site_name\" content=\"TKC\" \/>\n<meta property=\"article:publisher\" content=\"https:\/\/www.facebook.com\/people\/TKC-doo\/100072183555176\/\" \/>\n<meta property=\"article:modified_time\" content=\"2025-02-12T07:50:26+00:00\" \/>\n<meta name=\"twitter:card\" content=\"summary_large_image\" \/>\n<meta name=\"twitter:label1\" content=\"Est. reading time\" \/>\n\t<meta name=\"twitter:data1\" content=\"1 minuta\" \/>\n<script type=\"application\/ld+json\" class=\"yoast-schema-graph\">{\"@context\":\"https:\/\/schema.org\",\"@graph\":[{\"@type\":\"WebPage\",\"@id\":\"https:\/\/www.tkc.si\/trgovina\/kontakt\/\",\"url\":\"https:\/\/www.tkc.si\/trgovina\/kontakt\/\",\"name\":\"Kontakt - TKC\",\"isPartOf\":{\"@id\":\"https:\/\/www.tkc.si\/trgovina\/#website\"},\"datePublished\":\"2025-01-16T12:40:34+00:00\",\"dateModified\":\"2025-02-12T07:50:26+00:00\",\"breadcrumb\":{\"@id\":\"https:\/\/www.tkc.si\/trgovina\/kontakt\/#breadcrumb\"},\"inLanguage\":\"sl-SI\",\"potentialAction\":[{\"@type\":\"ReadAction\",\"target\":[\"https:\/\/www.tkc.si\/trgovina\/kontakt\/\"]}]},{\"@type\":\"BreadcrumbList\",\"@id\":\"https:\/\/www.tkc.si\/trgovina\/kontakt\/#breadcrumb\",\"itemListElement\":[{\"@type\":\"ListItem\",\"position\":1,\"name\":\"Domov\",\"item\":\"https:\/\/www.tkc.si\/trgovina\/\"},{\"@type\":\"ListItem\",\"position\":2,\"name\":\"Kontakt\"}]},{\"@type\":\"WebSite\",\"@id\":\"https:\/\/www.tkc.si\/trgovina\/#website\",\"url\":\"https:\/\/www.tkc.si\/trgovina\/\",\"name\":\"TKC\",\"description\":\"\",\"publisher\":{\"@id\":\"https:\/\/www.tkc.si\/trgovina\/#organization\"},\"potentialAction\":[{\"@type\":\"SearchAction\",\"target\":{\"@type\":\"EntryPoint\",\"urlTemplate\":\"https:\/\/www.tkc.si\/trgovina\/?s={search_term_string}\"},\"query-input\":{\"@type\":\"PropertyValueSpecification\",\"valueRequired\":true,\"valueName\":\"search_term_string\"}}],\"inLanguage\":\"sl-SI\"},{\"@type\":\"Organization\",\"@id\":\"https:\/\/www.tkc.si\/trgovina\/#organization\",\"name\":\"TKC\",\"url\":\"https:\/\/www.tkc.si\/trgovina\/\",\"logo\":{\"@type\":\"ImageObject\",\"inLanguage\":\"sl-SI\",\"@id\":\"https:\/\/www.tkc.si\/trgovina\/#\/schema\/logo\/image\/\",\"url\":\"https:\/\/www.tkc.si\/trgovina\/wp-content\/uploads\/2025\/01\/tkc-logo-1.png\",\"contentUrl\":\"https:\/\/www.tkc.si\/trgovina\/wp-content\/uploads\/2025\/01\/tkc-logo-1.png\",\"width\":230,\"height\":56,\"caption\":\"TKC\"},\"image\":{\"@id\":\"https:\/\/www.tkc.si\/trgovina\/#\/schema\/logo\/image\/\"},\"sameAs\":[\"https:\/\/www.facebook.com\/people\/TKC-doo\/100072183555176\/\"]}]}<\/script>\n<!-- \/ Yoast SEO plugin. -->","yoast_head_json":{"title":"Kontakt - TKC","robots":{"index":"index","follow":"follow","max-snippet":"max-snippet:-1","max-image-preview":"max-image-preview:large","max-video-preview":"max-video-preview:-1"},"canonical":"https:\/\/www.tkc.si\/trgovina\/kontakt\/","og_locale":"sl_SI","og_type":"article","og_title":"Kontakt - TKC","og_description":"[vc_row][vc_column][\/vc_column][\/vc_row][vc_row][vc_column el_class=&#8221;kontakt-info-col&#8221; offset=&#8221;vc_col-lg-5 vc_col-md-5&#8243;][vc_column_text]Tehnolo\u0161ki konzultantski center d.o.o. Litostrojska cesta 60 1000 Ljubljana[\/vc_column_text][vc_column_text]D.\u0160.: 80152082 M.\u0160.: 1689754000 TRR: SI56 0201 8009 0918 353 (NLB d.d.)[\/vc_column_text][\/vc_column][vc_column offset=&#8221;vc_col-lg-7 vc_col-md-7&#8243;][\/vc_column][\/vc_row][vc_row full_width=&#8221;stretch_row_content_no_spaces&#8221;][vc_column][vc_gmaps link=&#8221;#E-8_JTNDaWZyYW1lJTIwc3JjJTNEJTIyaHR0cHMlM0ElMkYlMkZ3d3cuZ29vZ2xlLmNvbSUyRm1hcHMlMkZlbWJlZCUzRnBiJTNEJTIxMW0xOCUyMTFtMTIlMjExbTMlMjExZDI3NjcuNTQ2NzQwNDM2NDc2MyUyMTJkMTQuNDk0NjE3Mjc3NDI2NjgyJTIxM2Q0Ni4wODAwNzgyOTIxMzQzOSUyMTJtMyUyMTFmMCUyMTJmMCUyMTNmMCUyMTNtMiUyMTFpMTAyNCUyMTJpNzY4JTIxNGYxMy4xJTIxM20zJTIxMW0yJTIxMXMweDQ3NjUzMmNmMzkzYWFmYjclMjUzQTB4NmQ5ZThmYzRhNDkyMDdlMCUyMTJzVEtDJTI1MjBUZWhub2xvJTI1QzUlMjVBMWtpJTI1MjBrb256dWx0YW50c2tpJTI1MjBjZW50ZXIlMjUyMGQuby5vLiUyNTIwTGp1YmxqYW5hJTIxNWUwJTIxM20yJTIxMXNlbiUyMTJzc2klMjE0djE3MzgxNTM1MTg0MzklMjE1bTIlMjExc2VuJTIxMnNzaSUyMiUyMHdpZHRoJTNEJTIyNjAwJTIyJTIwaGVpZ2h0JTNEJTIyNDUwJTIyJTIwc3R5bGUlM0QlMjJib3JkZXIlM0EwJTNCJTIyJTIwYWxsb3dmdWxsc2NyZWVuJTNEJTIyJTIyJTIwbG9hZGluZyUzRCUyMmxhenklMjIlMjByZWZlcnJlcnBvbGljeSUzRCUyMm5vLXJlZmVycmVyLXdoZW4tZG93bmdyYWRlJTIyJTNFJTNDJTJGaWZyYW1lJTNF&#8221;][\/vc_column][\/vc_row]","og_url":"https:\/\/www.tkc.si\/trgovina\/kontakt\/","og_site_name":"TKC","article_publisher":"https:\/\/www.facebook.com\/people\/TKC-doo\/100072183555176\/","article_modified_time":"2025-02-12T07:50:26+00:00","twitter_card":"summary_large_image","twitter_misc":{"Est. reading time":"1 minuta"},"schema":{"@context":"https:\/\/schema.org","@graph":[{"@type":"WebPage","@id":"https:\/\/www.tkc.si\/trgovina\/kontakt\/","url":"https:\/\/www.tkc.si\/trgovina\/kontakt\/","name":"Kontakt - TKC","isPartOf":{"@id":"https:\/\/www.tkc.si\/trgovina\/#website"},"datePublished":"2025-01-16T12:40:34+00:00","dateModified":"2025-02-12T07:50:26+00:00","breadcrumb":{"@id":"https:\/\/www.tkc.si\/trgovina\/kontakt\/#breadcrumb"},"inLanguage":"sl-SI","potentialAction":[{"@type":"ReadAction","target":["https:\/\/www.tkc.si\/trgovina\/kontakt\/"]}]},{"@type":"BreadcrumbList","@id":"https:\/\/www.tkc.si\/trgovina\/kontakt\/#breadcrumb","itemListElement":[{"@type":"ListItem","position":1,"name":"Domov","item":"https:\/\/www.tkc.si\/trgovina\/"},{"@type":"ListItem","position":2,"name":"Kontakt"}]},{"@type":"WebSite","@id":"https:\/\/www.tkc.si\/trgovina\/#website","url":"https:\/\/www.tkc.si\/trgovina\/","name":"TKC","description":"","publisher":{"@id":"https:\/\/www.tkc.si\/trgovina\/#organization"},"potentialAction":[{"@type":"SearchAction","target":{"@type":"EntryPoint","urlTemplate":"https:\/\/www.tkc.si\/trgovina\/?s={search_term_string}"},"query-input":{"@type":"PropertyValueSpecification","valueRequired":true,"valueName":"search_term_string"}}],"inLanguage":"sl-SI"},{"@type":"Organization","@id":"https:\/\/www.tkc.si\/trgovina\/#organization","name":"TKC","url":"https:\/\/www.tkc.si\/trgovina\/","logo":{"@type":"ImageObject","inLanguage":"sl-SI","@id":"https:\/\/www.tkc.si\/trgovina\/#\/schema\/logo\/image\/","url":"https:\/\/www.tkc.si\/trgovina\/wp-content\/uploads\/2025\/01\/tkc-logo-1.png","contentUrl":"https:\/\/www.tkc.si\/trgovina\/wp-content\/uploads\/2025\/01\/tkc-logo-1.png","width":230,"height":56,"caption":"TKC"},"image":{"@id":"https:\/\/www.tkc.si\/trgovina\/#\/schema\/logo\/image\/"},"sameAs":["https:\/\/www.facebook.com\/people\/TKC-doo\/100072183555176\/"]}]}},"_links":{"self":[{"href":"https:\/\/www.tkc.si\/trgovina\/wp-json\/wp\/v2\/pages\/76","targetHints":{"allow":["GET"]}}],"collection":[{"href":"https:\/\/www.tkc.si\/trgovina\/wp-json\/wp\/v2\/pages"}],"about":[{"href":"https:\/\/www.tkc.si\/trgovina\/wp-json\/wp\/v2\/types\/page"}],"author":[{"embeddable":true,"href":"https:\/\/www.tkc.si\/trgovina\/wp-json\/wp\/v2\/users\/1"}],"replies":[{"embeddable":true,"href":"https:\/\/www.tkc.si\/trgovina\/wp-json\/wp\/v2\/comments?post=76"}],"version-history":[{"count":20,"href":"https:\/\/www.tkc.si\/trgovina\/wp-json\/wp\/v2\/pages\/76\/revisions"}],"predecessor-version":[{"id":541,"href":"https:\/\/www.tkc.si\/trgovina\/wp-json\/wp\/v2\/pages\/76\/revisions\/541"}],"wp:attachment":[{"href":"https:\/\/www.tkc.si\/trgovina\/wp-json\/wp\/v2\/media?parent=76"}],"curies":[{"name":"wp","href":"https:\/\/api.w.org\/{rel}","templated":true}]}}