{"id":146,"date":"2025-01-20T10:07:03","date_gmt":"2025-01-20T09:07:03","guid":{"rendered":"https:\/\/pisarna.novisplet.com\/dev4\/tkc\/?post_type=product&#038;p=146"},"modified":"2025-11-04T10:35:04","modified_gmt":"2025-11-04T10:35:04","slug":"varilna-zica-g2","status":"publish","type":"product","link":"https:\/\/www.tkc.si\/trgovina\/izdelek\/zice-za-lasersko-varjenje\/orodna-jekla\/varilna-zica-g2\/","title":{"rendered":"Varilna \u017eica G2"},"content":{"rendered":"<div class=\"wpb-content-wrapper\"><p>[vc_row][vc_column][vc_column_text]<\/p>\n<h3>Opombe<\/h3>\n<p>Pri ve\u010djih nanosih priporo\u010damo vmesni sloj iz mehkej\u0161e \u017eice npr. G4. Priporo\u010damo uporabo oblikovanja pulzov.<\/p>\n<p>[\/vc_column_text][\/vc_column][\/vc_row][vc_row][vc_column width=&#8221;2\/12&#8243;][vc_column_text]<\/p>\n<h4>Sestava<\/h4>\n<table style=\"height: 209px;\" width=\"112\">\n<tbody>\n<tr>\n<td>0,35<\/td>\n<td>C<\/td>\n<\/tr>\n<tr>\n<td>1,2<\/td>\n<td>Mn<\/td>\n<\/tr>\n<tr>\n<td>7<\/td>\n<td>Cr<\/td>\n<\/tr>\n<tr>\n<td>0,3<\/td>\n<td>Si<\/td>\n<\/tr>\n<tr>\n<td>2,0<\/td>\n<td>Mo<\/td>\n<\/tr>\n<tr>\n<td>0,3<\/td>\n<td>Ti<\/td>\n<\/tr>\n<tr>\n<td>ostalo<\/td>\n<td>Fe<\/td>\n<\/tr>\n<\/tbody>\n<\/table>\n<p>[\/vc_column_text][\/vc_column][vc_column width=&#8221;10\/12&#8243;][\/vc_column][\/vc_row][vc_row][vc_column width=&#8221;1\/2&#8243;]<p>[vc_row][vc_column][vc_column_text]<\/p>\n<h4>Ravna \u017eica<\/h4>\n<table width=\"0\">\n<tbody>\n<tr>\n<td width=\"162\"><strong>Premer \u017eice [mm]<\/strong><\/td>\n<td width=\"112\"><strong>1kos \u017eice [g]<\/strong><\/td>\n<td width=\"128\"><strong>50 kos \u017eice [g]<\/strong><\/td>\n<td width=\"139\"><strong>100 kos \u017eice [g]<\/strong><\/td>\n<\/tr>\n<tr>\n<td width=\"162\">\u0278 0,2<\/td>\n<td width=\"112\">0,123<\/td>\n<td width=\"128\">6,16<\/td>\n<td width=\"139\">12,32<\/td>\n<\/tr>\n<tr>\n<td width=\"162\">\u0278 0,3<\/td>\n<td width=\"112\">0,277<\/td>\n<td width=\"128\">13,87<\/td>\n<td width=\"139\">27,73<\/td>\n<\/tr>\n<tr>\n<td width=\"162\">\u0278 0,4<\/td>\n<td width=\"112\">0,493<\/td>\n<td width=\"128\">24,65<\/td>\n<td width=\"139\">49,30<\/td>\n<\/tr>\n<tr>\n<td width=\"162\">\u0278 0,5<\/td>\n<td width=\"112\">0,770<\/td>\n<td width=\"128\">38,52<\/td>\n<td width=\"139\">77,03<\/td>\n<\/tr>\n<tr>\n<td width=\"162\">\u0278 0,6<\/td>\n<td width=\"112\">1,109<\/td>\n<td width=\"128\">55,45<\/td>\n<td width=\"139\">110,90<\/td>\n<\/tr>\n<tr>\n<td width=\"162\">\u0278 0,7<\/td>\n<td width=\"112\">1,509<\/td>\n<td width=\"128\">75,45<\/td>\n<td width=\"139\">150,90<\/td>\n<\/tr>\n<tr>\n<td width=\"162\">\u0278 0,8<\/td>\n<td width=\"112\">1,972<\/td>\n<td width=\"128\">98,60<\/td>\n<td width=\"139\">197,20<\/td>\n<\/tr>\n<\/tbody>\n<\/table>\n<p>[\/vc_column_text][\/vc_column][\/vc_row]<\/p>\n[\/vc_column][vc_column width=&#8221;1\/2&#8243;]<p>[vc_row][vc_column][vc_column_text]<\/p>\n<h4>Kolut<\/h4>\n<table width=\"0\">\n<tbody>\n<tr>\n<td width=\"145\"><strong>Premer \u017eice [mm]<\/strong><\/td>\n<td width=\"81\"><strong>1m \u017eice [g]<\/strong><\/td>\n<td width=\"90\"><strong>50m \u017eice [g]<\/strong><\/td>\n<td width=\"99\"><strong>100m \u017eice [g]<\/strong><\/td>\n<\/tr>\n<tr>\n<td width=\"145\">\u0278 0,2<\/td>\n<td width=\"81\">0,246<\/td>\n<td width=\"90\">12,32<\/td>\n<td width=\"99\">24,65<\/td>\n<\/tr>\n<tr>\n<td width=\"145\">\u0278 0,3<\/td>\n<td width=\"81\">0,555<\/td>\n<td width=\"90\">27,73<\/td>\n<td width=\"99\">55,46<\/td>\n<\/tr>\n<tr>\n<td width=\"145\">\u0278 0,4<\/td>\n<td width=\"81\">0,986<\/td>\n<td width=\"90\">49,30<\/td>\n<td width=\"99\">98,60<\/td>\n<\/tr>\n<tr>\n<td width=\"145\">\u0278 0,5<\/td>\n<td width=\"81\">1,541<\/td>\n<td width=\"90\">77,03<\/td>\n<td width=\"99\">154,06<\/td>\n<\/tr>\n<tr>\n<td width=\"145\">\u0278 0,6<\/td>\n<td width=\"81\">2,218<\/td>\n<td width=\"90\">110,90<\/td>\n<td width=\"99\">221,80<\/td>\n<\/tr>\n<tr>\n<td width=\"145\">\u0278 0,7<\/td>\n<td width=\"81\">3,018<\/td>\n<td width=\"90\">150,90<\/td>\n<td width=\"99\">301,80<\/td>\n<\/tr>\n<tr>\n<td width=\"145\">\u0278 0,8<\/td>\n<td width=\"81\">3,944<\/td>\n<td width=\"90\">197,20<\/td>\n<td width=\"99\">394,40<\/td>\n<\/tr>\n<\/tbody>\n<\/table>\n<p>[\/vc_column_text][\/vc_column][\/vc_row]<\/p>\n[\/vc_column][\/vc_row]<\/p>\n<\/div>","protected":false},"excerpt":{"rendered":"<p>Varilna \u017eica G2 je \u017eica za varjenje orodij za delo v vro\u010dem in tudi hladnem. Vari imajo vi\u0161jo trdoto in so bolj obrabno odporni. Lahko se jo uporablja za varjenje rezilnih robov ali navarjanje trdih povr\u0161in na manj legirana jekla. Pri ve\u010djih nanosih priporo\u010damo vmesni sloj iz mehkej\u0161e \u017eice npr. G4.<\/p>\n<ul>\n<li>1 paket Ravna \u017eica vsebuje 50 kos<\/li>\n<li>1 paket \u017dica na kolutu vsebuje 50 m<\/li>\n<\/ul>\n","protected":false},"featured_media":387,"comment_status":"closed","ping_status":"closed","template":"","meta":{"_acf_changed":false},"product_brand":[],"product_cat":[16,17],"product_tag":[],"class_list":{"0":"post-146","1":"product","2":"type-product","3":"status-publish","4":"has-post-thumbnail","6":"product_cat-zice-za-lasersko-varjenje","7":"product_cat-orodna-jekla","9":"first","10":"instock","11":"taxable","12":"shipping-taxable","13":"purchasable","14":"product-type-variable"},"acf":[],"yoast_head":"<!-- This site is optimized with the Yoast SEO plugin v24.2 - https:\/\/yoast.com\/wordpress\/plugins\/seo\/ -->\n<title>Varilna \u017eica G2 - TKC<\/title>\n<meta name=\"robots\" content=\"index, follow, max-snippet:-1, max-image-preview:large, max-video-preview:-1\" \/>\n<link rel=\"canonical\" href=\"https:\/\/www.tkc.si\/trgovina\/izdelek\/zice-za-lasersko-varjenje\/orodna-jekla\/varilna-zica-g2\/\" \/>\n<meta property=\"og:locale\" content=\"sl_SI\" \/>\n<meta property=\"og:type\" content=\"article\" \/>\n<meta property=\"og:title\" content=\"Varilna \u017eica G2 - TKC\" \/>\n<meta property=\"og:description\" content=\"Varilna \u017eica G2 je \u017eica za varjenje orodij za delo v vro\u010dem in tudi hladnem. Vari imajo vi\u0161jo trdoto in so bolj obrabno odporni. Lahko se jo uporablja za varjenje rezilnih robov ali navarjanje trdih povr\u0161in na manj legirana jekla. Pri ve\u010djih nanosih priporo\u010damo vmesni sloj iz mehkej\u0161e \u017eice npr. G4.   1 paket Ravna \u017eica vsebuje 50 kos  1 paket \u017dica na kolutu vsebuje 50 m\" \/>\n<meta property=\"og:url\" content=\"https:\/\/www.tkc.si\/trgovina\/izdelek\/zice-za-lasersko-varjenje\/orodna-jekla\/varilna-zica-g2\/\" \/>\n<meta property=\"og:site_name\" content=\"TKC\" \/>\n<meta property=\"article:publisher\" content=\"https:\/\/www.facebook.com\/people\/TKC-doo\/100072183555176\/\" \/>\n<meta property=\"article:modified_time\" content=\"2025-11-04T10:35:04+00:00\" \/>\n<meta property=\"og:image\" content=\"https:\/\/www.tkc.si\/trgovina\/wp-content\/uploads\/2025\/01\/D5_4-Orodna-jekla.jpg\" \/>\n\t<meta property=\"og:image:width\" content=\"1667\" \/>\n\t<meta property=\"og:image:height\" content=\"2500\" \/>\n\t<meta property=\"og:image:type\" content=\"image\/jpeg\" \/>\n<meta name=\"twitter:card\" content=\"summary_large_image\" \/>\n<meta name=\"twitter:label1\" content=\"Est. reading time\" \/>\n\t<meta name=\"twitter:data1\" content=\"1 minuta\" \/>\n<script type=\"application\/ld+json\" class=\"yoast-schema-graph\">{\"@context\":\"https:\/\/schema.org\",\"@graph\":[{\"@type\":\"WebPage\",\"@id\":\"https:\/\/www.tkc.si\/trgovina\/izdelek\/zice-za-lasersko-varjenje\/orodna-jekla\/varilna-zica-g2\/\",\"url\":\"https:\/\/www.tkc.si\/trgovina\/izdelek\/zice-za-lasersko-varjenje\/orodna-jekla\/varilna-zica-g2\/\",\"name\":\"Varilna \u017eica G2 - TKC\",\"isPartOf\":{\"@id\":\"https:\/\/www.tkc.si\/trgovina\/#website\"},\"primaryImageOfPage\":{\"@id\":\"https:\/\/www.tkc.si\/trgovina\/izdelek\/zice-za-lasersko-varjenje\/orodna-jekla\/varilna-zica-g2\/#primaryimage\"},\"image\":{\"@id\":\"https:\/\/www.tkc.si\/trgovina\/izdelek\/zice-za-lasersko-varjenje\/orodna-jekla\/varilna-zica-g2\/#primaryimage\"},\"thumbnailUrl\":\"https:\/\/www.tkc.si\/trgovina\/wp-content\/uploads\/2025\/01\/D5_4-Orodna-jekla.jpg\",\"datePublished\":\"2025-01-20T09:07:03+00:00\",\"dateModified\":\"2025-11-04T10:35:04+00:00\",\"breadcrumb\":{\"@id\":\"https:\/\/www.tkc.si\/trgovina\/izdelek\/zice-za-lasersko-varjenje\/orodna-jekla\/varilna-zica-g2\/#breadcrumb\"},\"inLanguage\":\"sl-SI\",\"potentialAction\":[{\"@type\":\"ReadAction\",\"target\":[\"https:\/\/www.tkc.si\/trgovina\/izdelek\/zice-za-lasersko-varjenje\/orodna-jekla\/varilna-zica-g2\/\"]}]},{\"@type\":\"ImageObject\",\"inLanguage\":\"sl-SI\",\"@id\":\"https:\/\/www.tkc.si\/trgovina\/izdelek\/zice-za-lasersko-varjenje\/orodna-jekla\/varilna-zica-g2\/#primaryimage\",\"url\":\"https:\/\/www.tkc.si\/trgovina\/wp-content\/uploads\/2025\/01\/D5_4-Orodna-jekla.jpg\",\"contentUrl\":\"https:\/\/www.tkc.si\/trgovina\/wp-content\/uploads\/2025\/01\/D5_4-Orodna-jekla.jpg\",\"width\":1667,\"height\":2500},{\"@type\":\"BreadcrumbList\",\"@id\":\"https:\/\/www.tkc.si\/trgovina\/izdelek\/zice-za-lasersko-varjenje\/orodna-jekla\/varilna-zica-g2\/#breadcrumb\",\"itemListElement\":[{\"@type\":\"ListItem\",\"position\":1,\"name\":\"Domov\",\"item\":\"https:\/\/www.tkc.si\/trgovina\/\"},{\"@type\":\"ListItem\",\"position\":2,\"name\":\"Trgovina\",\"item\":\"https:\/\/www.tkc.si\/trgovina\/trgovina\/\"},{\"@type\":\"ListItem\",\"position\":3,\"name\":\"\u017dice za lasersko varjenje\",\"item\":\"https:\/\/www.tkc.si\/trgovina\/kategorija-izdelka\/zice-za-lasersko-varjenje\/\"},{\"@type\":\"ListItem\",\"position\":4,\"name\":\"Orodna jekla\",\"item\":\"https:\/\/www.tkc.si\/trgovina\/kategorija-izdelka\/zice-za-lasersko-varjenje\/orodna-jekla\/\"},{\"@type\":\"ListItem\",\"position\":5,\"name\":\"Varilna \u017eica G2\"}]},{\"@type\":\"WebSite\",\"@id\":\"https:\/\/www.tkc.si\/trgovina\/#website\",\"url\":\"https:\/\/www.tkc.si\/trgovina\/\",\"name\":\"TKC\",\"description\":\"\",\"publisher\":{\"@id\":\"https:\/\/www.tkc.si\/trgovina\/#organization\"},\"potentialAction\":[{\"@type\":\"SearchAction\",\"target\":{\"@type\":\"EntryPoint\",\"urlTemplate\":\"https:\/\/www.tkc.si\/trgovina\/?s={search_term_string}\"},\"query-input\":{\"@type\":\"PropertyValueSpecification\",\"valueRequired\":true,\"valueName\":\"search_term_string\"}}],\"inLanguage\":\"sl-SI\"},{\"@type\":\"Organization\",\"@id\":\"https:\/\/www.tkc.si\/trgovina\/#organization\",\"name\":\"TKC\",\"url\":\"https:\/\/www.tkc.si\/trgovina\/\",\"logo\":{\"@type\":\"ImageObject\",\"inLanguage\":\"sl-SI\",\"@id\":\"https:\/\/www.tkc.si\/trgovina\/#\/schema\/logo\/image\/\",\"url\":\"https:\/\/www.tkc.si\/trgovina\/wp-content\/uploads\/2025\/01\/tkc-logo-1.png\",\"contentUrl\":\"https:\/\/www.tkc.si\/trgovina\/wp-content\/uploads\/2025\/01\/tkc-logo-1.png\",\"width\":230,\"height\":56,\"caption\":\"TKC\"},\"image\":{\"@id\":\"https:\/\/www.tkc.si\/trgovina\/#\/schema\/logo\/image\/\"},\"sameAs\":[\"https:\/\/www.facebook.com\/people\/TKC-doo\/100072183555176\/\"]}]}<\/script>\n<!-- \/ Yoast SEO plugin. -->","yoast_head_json":{"title":"Varilna \u017eica G2 - TKC","robots":{"index":"index","follow":"follow","max-snippet":"max-snippet:-1","max-image-preview":"max-image-preview:large","max-video-preview":"max-video-preview:-1"},"canonical":"https:\/\/www.tkc.si\/trgovina\/izdelek\/zice-za-lasersko-varjenje\/orodna-jekla\/varilna-zica-g2\/","og_locale":"sl_SI","og_type":"article","og_title":"Varilna \u017eica G2 - TKC","og_description":"Varilna \u017eica G2 je \u017eica za varjenje orodij za delo v vro\u010dem in tudi hladnem. Vari imajo vi\u0161jo trdoto in so bolj obrabno odporni. Lahko se jo uporablja za varjenje rezilnih robov ali navarjanje trdih povr\u0161in na manj legirana jekla. Pri ve\u010djih nanosih priporo\u010damo vmesni sloj iz mehkej\u0161e \u017eice npr. G4.   1 paket Ravna \u017eica vsebuje 50 kos  1 paket \u017dica na kolutu vsebuje 50 m","og_url":"https:\/\/www.tkc.si\/trgovina\/izdelek\/zice-za-lasersko-varjenje\/orodna-jekla\/varilna-zica-g2\/","og_site_name":"TKC","article_publisher":"https:\/\/www.facebook.com\/people\/TKC-doo\/100072183555176\/","article_modified_time":"2025-11-04T10:35:04+00:00","og_image":[{"width":1667,"height":2500,"url":"https:\/\/www.tkc.si\/trgovina\/wp-content\/uploads\/2025\/01\/D5_4-Orodna-jekla.jpg","type":"image\/jpeg"}],"twitter_card":"summary_large_image","twitter_misc":{"Est. reading time":"1 minuta"},"schema":{"@context":"https:\/\/schema.org","@graph":[{"@type":"WebPage","@id":"https:\/\/www.tkc.si\/trgovina\/izdelek\/zice-za-lasersko-varjenje\/orodna-jekla\/varilna-zica-g2\/","url":"https:\/\/www.tkc.si\/trgovina\/izdelek\/zice-za-lasersko-varjenje\/orodna-jekla\/varilna-zica-g2\/","name":"Varilna \u017eica G2 - TKC","isPartOf":{"@id":"https:\/\/www.tkc.si\/trgovina\/#website"},"primaryImageOfPage":{"@id":"https:\/\/www.tkc.si\/trgovina\/izdelek\/zice-za-lasersko-varjenje\/orodna-jekla\/varilna-zica-g2\/#primaryimage"},"image":{"@id":"https:\/\/www.tkc.si\/trgovina\/izdelek\/zice-za-lasersko-varjenje\/orodna-jekla\/varilna-zica-g2\/#primaryimage"},"thumbnailUrl":"https:\/\/www.tkc.si\/trgovina\/wp-content\/uploads\/2025\/01\/D5_4-Orodna-jekla.jpg","datePublished":"2025-01-20T09:07:03+00:00","dateModified":"2025-11-04T10:35:04+00:00","breadcrumb":{"@id":"https:\/\/www.tkc.si\/trgovina\/izdelek\/zice-za-lasersko-varjenje\/orodna-jekla\/varilna-zica-g2\/#breadcrumb"},"inLanguage":"sl-SI","potentialAction":[{"@type":"ReadAction","target":["https:\/\/www.tkc.si\/trgovina\/izdelek\/zice-za-lasersko-varjenje\/orodna-jekla\/varilna-zica-g2\/"]}]},{"@type":"ImageObject","inLanguage":"sl-SI","@id":"https:\/\/www.tkc.si\/trgovina\/izdelek\/zice-za-lasersko-varjenje\/orodna-jekla\/varilna-zica-g2\/#primaryimage","url":"https:\/\/www.tkc.si\/trgovina\/wp-content\/uploads\/2025\/01\/D5_4-Orodna-jekla.jpg","contentUrl":"https:\/\/www.tkc.si\/trgovina\/wp-content\/uploads\/2025\/01\/D5_4-Orodna-jekla.jpg","width":1667,"height":2500},{"@type":"BreadcrumbList","@id":"https:\/\/www.tkc.si\/trgovina\/izdelek\/zice-za-lasersko-varjenje\/orodna-jekla\/varilna-zica-g2\/#breadcrumb","itemListElement":[{"@type":"ListItem","position":1,"name":"Domov","item":"https:\/\/www.tkc.si\/trgovina\/"},{"@type":"ListItem","position":2,"name":"Trgovina","item":"https:\/\/www.tkc.si\/trgovina\/trgovina\/"},{"@type":"ListItem","position":3,"name":"\u017dice za lasersko varjenje","item":"https:\/\/www.tkc.si\/trgovina\/kategorija-izdelka\/zice-za-lasersko-varjenje\/"},{"@type":"ListItem","position":4,"name":"Orodna jekla","item":"https:\/\/www.tkc.si\/trgovina\/kategorija-izdelka\/zice-za-lasersko-varjenje\/orodna-jekla\/"},{"@type":"ListItem","position":5,"name":"Varilna \u017eica G2"}]},{"@type":"WebSite","@id":"https:\/\/www.tkc.si\/trgovina\/#website","url":"https:\/\/www.tkc.si\/trgovina\/","name":"TKC","description":"","publisher":{"@id":"https:\/\/www.tkc.si\/trgovina\/#organization"},"potentialAction":[{"@type":"SearchAction","target":{"@type":"EntryPoint","urlTemplate":"https:\/\/www.tkc.si\/trgovina\/?s={search_term_string}"},"query-input":{"@type":"PropertyValueSpecification","valueRequired":true,"valueName":"search_term_string"}}],"inLanguage":"sl-SI"},{"@type":"Organization","@id":"https:\/\/www.tkc.si\/trgovina\/#organization","name":"TKC","url":"https:\/\/www.tkc.si\/trgovina\/","logo":{"@type":"ImageObject","inLanguage":"sl-SI","@id":"https:\/\/www.tkc.si\/trgovina\/#\/schema\/logo\/image\/","url":"https:\/\/www.tkc.si\/trgovina\/wp-content\/uploads\/2025\/01\/tkc-logo-1.png","contentUrl":"https:\/\/www.tkc.si\/trgovina\/wp-content\/uploads\/2025\/01\/tkc-logo-1.png","width":230,"height":56,"caption":"TKC"},"image":{"@id":"https:\/\/www.tkc.si\/trgovina\/#\/schema\/logo\/image\/"},"sameAs":["https:\/\/www.facebook.com\/people\/TKC-doo\/100072183555176\/"]}]}},"_links":{"self":[{"href":"https:\/\/www.tkc.si\/trgovina\/wp-json\/wp\/v2\/product\/146","targetHints":{"allow":["GET"]}}],"collection":[{"href":"https:\/\/www.tkc.si\/trgovina\/wp-json\/wp\/v2\/product"}],"about":[{"href":"https:\/\/www.tkc.si\/trgovina\/wp-json\/wp\/v2\/types\/product"}],"replies":[{"embeddable":true,"href":"https:\/\/www.tkc.si\/trgovina\/wp-json\/wp\/v2\/comments?post=146"}],"wp:featuredmedia":[{"embeddable":true,"href":"https:\/\/www.tkc.si\/trgovina\/wp-json\/wp\/v2\/media\/387"}],"wp:attachment":[{"href":"https:\/\/www.tkc.si\/trgovina\/wp-json\/wp\/v2\/media?parent=146"}],"wp:term":[{"taxonomy":"product_brand","embeddable":true,"href":"https:\/\/www.tkc.si\/trgovina\/wp-json\/wp\/v2\/product_brand?post=146"},{"taxonomy":"product_cat","embeddable":true,"href":"https:\/\/www.tkc.si\/trgovina\/wp-json\/wp\/v2\/product_cat?post=146"},{"taxonomy":"product_tag","embeddable":true,"href":"https:\/\/www.tkc.si\/trgovina\/wp-json\/wp\/v2\/product_tag?post=146"}],"curies":[{"name":"wp","href":"https:\/\/api.w.org\/{rel}","templated":true}]}}