{"id":300,"date":"2025-01-23T12:22:54","date_gmt":"2025-01-23T11:22:54","guid":{"rendered":"https:\/\/pisarna.novisplet.com\/dev4\/tkc\/?post_type=product&#038;p=300"},"modified":"2025-11-04T09:30:13","modified_gmt":"2025-11-04T09:30:13","slug":"varilna-zica-19-12-3-nc-si","status":"publish","type":"product","link":"https:\/\/www.tkc.si\/trgovina\/izdelek\/zice-za-lasersko-varjenje\/nerjavna-jekla\/varilna-zica-19-12-3-nc-si\/","title":{"rendered":"Varilna \u017eica 19\/12\/3 NC Si"},"content":{"rendered":"<div class=\"wpb-content-wrapper\"><p>[vc_row][vc_column width=&#8221;2\/12&#8243;][vc_column_text]<\/p>\n<h4>Sestava<\/h4>\n<table style=\"height: 209px;\" width=\"112\">\n<tbody>\n<tr>\n<td>&lt; 0,025<\/td>\n<td>C<\/td>\n<\/tr>\n<tr>\n<td>1,75<\/td>\n<td>Mn<\/td>\n<\/tr>\n<tr>\n<td>19<\/td>\n<td>Cr<\/td>\n<\/tr>\n<tr>\n<td>0,8<\/td>\n<td>Si<\/td>\n<\/tr>\n<tr>\n<td>11,5<\/td>\n<td>Ni<\/td>\n<\/tr>\n<tr>\n<td>2,75<\/td>\n<td>Mo<\/td>\n<\/tr>\n<tr>\n<td>ostalo<\/td>\n<td>Fe<\/td>\n<\/tr>\n<\/tbody>\n<\/table>\n<p>[\/vc_column_text][\/vc_column][vc_column width=&#8221;10\/12&#8243;][\/vc_column][\/vc_row]<\/p>\n<\/div>","protected":false},"excerpt":{"rendered":"<p>Varilna \u017eica 19\/12\/3 NC Si je stabilizirana avstenitna varilna \u017eica, ki se uporablja v kombinaciji z inertnimi za\u0161\u010ditnimi plini za varjenje korozijsko obstojnih stabiliziranih CrNi (Mo) jekel. Primerna je za varjenje kotlov, aparatur, naprav ter delov v kemi\u010dni industriji, farmaciji, barvni, celulozni, \u017eivilski industriji in industriji plasti\u010dnih izdelkov. Uporabna je do obratovalne temperature 400\u00b0C.<\/p>\n<ul>\n<li>1 paket Ravna \u017eica vsebuje 50 kos<\/li>\n<li>1 paket \u017dica na kolutu vsebuje 50 m<\/li>\n<\/ul>\n","protected":false},"featured_media":388,"comment_status":"closed","ping_status":"closed","template":"","meta":{"_acf_changed":false},"product_brand":[],"product_cat":[16,18],"product_tag":[],"class_list":{"0":"post-300","1":"product","2":"type-product","3":"status-publish","4":"has-post-thumbnail","6":"product_cat-zice-za-lasersko-varjenje","7":"product_cat-nerjavna-jekla","9":"first","10":"instock","11":"taxable","12":"shipping-taxable","13":"purchasable","14":"product-type-variable"},"acf":[],"yoast_head":"<!-- This site is optimized with the Yoast SEO plugin v24.2 - https:\/\/yoast.com\/wordpress\/plugins\/seo\/ -->\n<title>Varilna \u017eica 19\/12\/3 NC Si - TKC<\/title>\n<meta name=\"robots\" content=\"index, follow, max-snippet:-1, max-image-preview:large, max-video-preview:-1\" \/>\n<link rel=\"canonical\" href=\"https:\/\/www.tkc.si\/trgovina\/izdelek\/zice-za-lasersko-varjenje\/nerjavna-jekla\/varilna-zica-19-12-3-nc-si\/\" \/>\n<meta property=\"og:locale\" content=\"sl_SI\" \/>\n<meta property=\"og:type\" content=\"article\" \/>\n<meta property=\"og:title\" content=\"Varilna \u017eica 19\/12\/3 NC Si - TKC\" \/>\n<meta property=\"og:description\" content=\"Varilna \u017eica 19\/12\/3 NC Si je stabilizirana avstenitna varilna \u017eica, ki se uporablja v kombinaciji z inertnimi za\u0161\u010ditnimi plini za varjenje korozijsko obstojnih stabiliziranih CrNi (Mo) jekel. Primerna je za varjenje kotlov, aparatur, naprav ter delov v kemi\u010dni industriji, farmaciji, barvni, celulozni, \u017eivilski industriji in industriji plasti\u010dnih izdelkov. Uporabna je do obratovalne temperature 400\u00b0C.   1 paket Ravna \u017eica vsebuje 50 kos  1 paket \u017dica na kolutu vsebuje 50 m\" \/>\n<meta property=\"og:url\" content=\"https:\/\/www.tkc.si\/trgovina\/izdelek\/zice-za-lasersko-varjenje\/nerjavna-jekla\/varilna-zica-19-12-3-nc-si\/\" \/>\n<meta property=\"og:site_name\" content=\"TKC\" \/>\n<meta property=\"article:publisher\" content=\"https:\/\/www.facebook.com\/people\/TKC-doo\/100072183555176\/\" \/>\n<meta property=\"article:modified_time\" content=\"2025-11-04T09:30:13+00:00\" \/>\n<meta property=\"og:image\" content=\"https:\/\/www.tkc.si\/trgovina\/wp-content\/uploads\/2025\/01\/316-LSi_4-Nerjavna-jekla.jpg\" \/>\n\t<meta property=\"og:image:width\" content=\"1667\" \/>\n\t<meta property=\"og:image:height\" content=\"2500\" \/>\n\t<meta property=\"og:image:type\" content=\"image\/jpeg\" \/>\n<meta name=\"twitter:card\" content=\"summary_large_image\" \/>\n<meta name=\"twitter:label1\" content=\"Est. reading time\" \/>\n\t<meta name=\"twitter:data1\" content=\"1 minuta\" \/>\n<script type=\"application\/ld+json\" class=\"yoast-schema-graph\">{\"@context\":\"https:\/\/schema.org\",\"@graph\":[{\"@type\":\"WebPage\",\"@id\":\"https:\/\/www.tkc.si\/trgovina\/izdelek\/zice-za-lasersko-varjenje\/nerjavna-jekla\/varilna-zica-19-12-3-nc-si\/\",\"url\":\"https:\/\/www.tkc.si\/trgovina\/izdelek\/zice-za-lasersko-varjenje\/nerjavna-jekla\/varilna-zica-19-12-3-nc-si\/\",\"name\":\"Varilna \u017eica 19\/12\/3 NC Si - TKC\",\"isPartOf\":{\"@id\":\"https:\/\/www.tkc.si\/trgovina\/#website\"},\"primaryImageOfPage\":{\"@id\":\"https:\/\/www.tkc.si\/trgovina\/izdelek\/zice-za-lasersko-varjenje\/nerjavna-jekla\/varilna-zica-19-12-3-nc-si\/#primaryimage\"},\"image\":{\"@id\":\"https:\/\/www.tkc.si\/trgovina\/izdelek\/zice-za-lasersko-varjenje\/nerjavna-jekla\/varilna-zica-19-12-3-nc-si\/#primaryimage\"},\"thumbnailUrl\":\"https:\/\/www.tkc.si\/trgovina\/wp-content\/uploads\/2025\/01\/316-LSi_4-Nerjavna-jekla.jpg\",\"datePublished\":\"2025-01-23T11:22:54+00:00\",\"dateModified\":\"2025-11-04T09:30:13+00:00\",\"breadcrumb\":{\"@id\":\"https:\/\/www.tkc.si\/trgovina\/izdelek\/zice-za-lasersko-varjenje\/nerjavna-jekla\/varilna-zica-19-12-3-nc-si\/#breadcrumb\"},\"inLanguage\":\"sl-SI\",\"potentialAction\":[{\"@type\":\"ReadAction\",\"target\":[\"https:\/\/www.tkc.si\/trgovina\/izdelek\/zice-za-lasersko-varjenje\/nerjavna-jekla\/varilna-zica-19-12-3-nc-si\/\"]}]},{\"@type\":\"ImageObject\",\"inLanguage\":\"sl-SI\",\"@id\":\"https:\/\/www.tkc.si\/trgovina\/izdelek\/zice-za-lasersko-varjenje\/nerjavna-jekla\/varilna-zica-19-12-3-nc-si\/#primaryimage\",\"url\":\"https:\/\/www.tkc.si\/trgovina\/wp-content\/uploads\/2025\/01\/316-LSi_4-Nerjavna-jekla.jpg\",\"contentUrl\":\"https:\/\/www.tkc.si\/trgovina\/wp-content\/uploads\/2025\/01\/316-LSi_4-Nerjavna-jekla.jpg\",\"width\":1667,\"height\":2500},{\"@type\":\"BreadcrumbList\",\"@id\":\"https:\/\/www.tkc.si\/trgovina\/izdelek\/zice-za-lasersko-varjenje\/nerjavna-jekla\/varilna-zica-19-12-3-nc-si\/#breadcrumb\",\"itemListElement\":[{\"@type\":\"ListItem\",\"position\":1,\"name\":\"Domov\",\"item\":\"https:\/\/www.tkc.si\/trgovina\/\"},{\"@type\":\"ListItem\",\"position\":2,\"name\":\"Trgovina\",\"item\":\"https:\/\/www.tkc.si\/trgovina\/trgovina\/\"},{\"@type\":\"ListItem\",\"position\":3,\"name\":\"\u017dice za lasersko varjenje\",\"item\":\"https:\/\/www.tkc.si\/trgovina\/kategorija-izdelka\/zice-za-lasersko-varjenje\/\"},{\"@type\":\"ListItem\",\"position\":4,\"name\":\"Nerjavna jekla\",\"item\":\"https:\/\/www.tkc.si\/trgovina\/kategorija-izdelka\/zice-za-lasersko-varjenje\/nerjavna-jekla\/\"},{\"@type\":\"ListItem\",\"position\":5,\"name\":\"Varilna \u017eica 19\/12\/3 NC Si\"}]},{\"@type\":\"WebSite\",\"@id\":\"https:\/\/www.tkc.si\/trgovina\/#website\",\"url\":\"https:\/\/www.tkc.si\/trgovina\/\",\"name\":\"TKC\",\"description\":\"\",\"publisher\":{\"@id\":\"https:\/\/www.tkc.si\/trgovina\/#organization\"},\"potentialAction\":[{\"@type\":\"SearchAction\",\"target\":{\"@type\":\"EntryPoint\",\"urlTemplate\":\"https:\/\/www.tkc.si\/trgovina\/?s={search_term_string}\"},\"query-input\":{\"@type\":\"PropertyValueSpecification\",\"valueRequired\":true,\"valueName\":\"search_term_string\"}}],\"inLanguage\":\"sl-SI\"},{\"@type\":\"Organization\",\"@id\":\"https:\/\/www.tkc.si\/trgovina\/#organization\",\"name\":\"TKC\",\"url\":\"https:\/\/www.tkc.si\/trgovina\/\",\"logo\":{\"@type\":\"ImageObject\",\"inLanguage\":\"sl-SI\",\"@id\":\"https:\/\/www.tkc.si\/trgovina\/#\/schema\/logo\/image\/\",\"url\":\"https:\/\/www.tkc.si\/trgovina\/wp-content\/uploads\/2025\/01\/tkc-logo-1.png\",\"contentUrl\":\"https:\/\/www.tkc.si\/trgovina\/wp-content\/uploads\/2025\/01\/tkc-logo-1.png\",\"width\":230,\"height\":56,\"caption\":\"TKC\"},\"image\":{\"@id\":\"https:\/\/www.tkc.si\/trgovina\/#\/schema\/logo\/image\/\"},\"sameAs\":[\"https:\/\/www.facebook.com\/people\/TKC-doo\/100072183555176\/\"]}]}<\/script>\n<!-- \/ Yoast SEO plugin. -->","yoast_head_json":{"title":"Varilna \u017eica 19\/12\/3 NC Si - TKC","robots":{"index":"index","follow":"follow","max-snippet":"max-snippet:-1","max-image-preview":"max-image-preview:large","max-video-preview":"max-video-preview:-1"},"canonical":"https:\/\/www.tkc.si\/trgovina\/izdelek\/zice-za-lasersko-varjenje\/nerjavna-jekla\/varilna-zica-19-12-3-nc-si\/","og_locale":"sl_SI","og_type":"article","og_title":"Varilna \u017eica 19\/12\/3 NC Si - TKC","og_description":"Varilna \u017eica 19\/12\/3 NC Si je stabilizirana avstenitna varilna \u017eica, ki se uporablja v kombinaciji z inertnimi za\u0161\u010ditnimi plini za varjenje korozijsko obstojnih stabiliziranih CrNi (Mo) jekel. Primerna je za varjenje kotlov, aparatur, naprav ter delov v kemi\u010dni industriji, farmaciji, barvni, celulozni, \u017eivilski industriji in industriji plasti\u010dnih izdelkov. Uporabna je do obratovalne temperature 400\u00b0C.   1 paket Ravna \u017eica vsebuje 50 kos  1 paket \u017dica na kolutu vsebuje 50 m","og_url":"https:\/\/www.tkc.si\/trgovina\/izdelek\/zice-za-lasersko-varjenje\/nerjavna-jekla\/varilna-zica-19-12-3-nc-si\/","og_site_name":"TKC","article_publisher":"https:\/\/www.facebook.com\/people\/TKC-doo\/100072183555176\/","article_modified_time":"2025-11-04T09:30:13+00:00","og_image":[{"width":1667,"height":2500,"url":"https:\/\/www.tkc.si\/trgovina\/wp-content\/uploads\/2025\/01\/316-LSi_4-Nerjavna-jekla.jpg","type":"image\/jpeg"}],"twitter_card":"summary_large_image","twitter_misc":{"Est. reading time":"1 minuta"},"schema":{"@context":"https:\/\/schema.org","@graph":[{"@type":"WebPage","@id":"https:\/\/www.tkc.si\/trgovina\/izdelek\/zice-za-lasersko-varjenje\/nerjavna-jekla\/varilna-zica-19-12-3-nc-si\/","url":"https:\/\/www.tkc.si\/trgovina\/izdelek\/zice-za-lasersko-varjenje\/nerjavna-jekla\/varilna-zica-19-12-3-nc-si\/","name":"Varilna \u017eica 19\/12\/3 NC Si - TKC","isPartOf":{"@id":"https:\/\/www.tkc.si\/trgovina\/#website"},"primaryImageOfPage":{"@id":"https:\/\/www.tkc.si\/trgovina\/izdelek\/zice-za-lasersko-varjenje\/nerjavna-jekla\/varilna-zica-19-12-3-nc-si\/#primaryimage"},"image":{"@id":"https:\/\/www.tkc.si\/trgovina\/izdelek\/zice-za-lasersko-varjenje\/nerjavna-jekla\/varilna-zica-19-12-3-nc-si\/#primaryimage"},"thumbnailUrl":"https:\/\/www.tkc.si\/trgovina\/wp-content\/uploads\/2025\/01\/316-LSi_4-Nerjavna-jekla.jpg","datePublished":"2025-01-23T11:22:54+00:00","dateModified":"2025-11-04T09:30:13+00:00","breadcrumb":{"@id":"https:\/\/www.tkc.si\/trgovina\/izdelek\/zice-za-lasersko-varjenje\/nerjavna-jekla\/varilna-zica-19-12-3-nc-si\/#breadcrumb"},"inLanguage":"sl-SI","potentialAction":[{"@type":"ReadAction","target":["https:\/\/www.tkc.si\/trgovina\/izdelek\/zice-za-lasersko-varjenje\/nerjavna-jekla\/varilna-zica-19-12-3-nc-si\/"]}]},{"@type":"ImageObject","inLanguage":"sl-SI","@id":"https:\/\/www.tkc.si\/trgovina\/izdelek\/zice-za-lasersko-varjenje\/nerjavna-jekla\/varilna-zica-19-12-3-nc-si\/#primaryimage","url":"https:\/\/www.tkc.si\/trgovina\/wp-content\/uploads\/2025\/01\/316-LSi_4-Nerjavna-jekla.jpg","contentUrl":"https:\/\/www.tkc.si\/trgovina\/wp-content\/uploads\/2025\/01\/316-LSi_4-Nerjavna-jekla.jpg","width":1667,"height":2500},{"@type":"BreadcrumbList","@id":"https:\/\/www.tkc.si\/trgovina\/izdelek\/zice-za-lasersko-varjenje\/nerjavna-jekla\/varilna-zica-19-12-3-nc-si\/#breadcrumb","itemListElement":[{"@type":"ListItem","position":1,"name":"Domov","item":"https:\/\/www.tkc.si\/trgovina\/"},{"@type":"ListItem","position":2,"name":"Trgovina","item":"https:\/\/www.tkc.si\/trgovina\/trgovina\/"},{"@type":"ListItem","position":3,"name":"\u017dice za lasersko varjenje","item":"https:\/\/www.tkc.si\/trgovina\/kategorija-izdelka\/zice-za-lasersko-varjenje\/"},{"@type":"ListItem","position":4,"name":"Nerjavna jekla","item":"https:\/\/www.tkc.si\/trgovina\/kategorija-izdelka\/zice-za-lasersko-varjenje\/nerjavna-jekla\/"},{"@type":"ListItem","position":5,"name":"Varilna \u017eica 19\/12\/3 NC Si"}]},{"@type":"WebSite","@id":"https:\/\/www.tkc.si\/trgovina\/#website","url":"https:\/\/www.tkc.si\/trgovina\/","name":"TKC","description":"","publisher":{"@id":"https:\/\/www.tkc.si\/trgovina\/#organization"},"potentialAction":[{"@type":"SearchAction","target":{"@type":"EntryPoint","urlTemplate":"https:\/\/www.tkc.si\/trgovina\/?s={search_term_string}"},"query-input":{"@type":"PropertyValueSpecification","valueRequired":true,"valueName":"search_term_string"}}],"inLanguage":"sl-SI"},{"@type":"Organization","@id":"https:\/\/www.tkc.si\/trgovina\/#organization","name":"TKC","url":"https:\/\/www.tkc.si\/trgovina\/","logo":{"@type":"ImageObject","inLanguage":"sl-SI","@id":"https:\/\/www.tkc.si\/trgovina\/#\/schema\/logo\/image\/","url":"https:\/\/www.tkc.si\/trgovina\/wp-content\/uploads\/2025\/01\/tkc-logo-1.png","contentUrl":"https:\/\/www.tkc.si\/trgovina\/wp-content\/uploads\/2025\/01\/tkc-logo-1.png","width":230,"height":56,"caption":"TKC"},"image":{"@id":"https:\/\/www.tkc.si\/trgovina\/#\/schema\/logo\/image\/"},"sameAs":["https:\/\/www.facebook.com\/people\/TKC-doo\/100072183555176\/"]}]}},"_links":{"self":[{"href":"https:\/\/www.tkc.si\/trgovina\/wp-json\/wp\/v2\/product\/300","targetHints":{"allow":["GET"]}}],"collection":[{"href":"https:\/\/www.tkc.si\/trgovina\/wp-json\/wp\/v2\/product"}],"about":[{"href":"https:\/\/www.tkc.si\/trgovina\/wp-json\/wp\/v2\/types\/product"}],"replies":[{"embeddable":true,"href":"https:\/\/www.tkc.si\/trgovina\/wp-json\/wp\/v2\/comments?post=300"}],"wp:featuredmedia":[{"embeddable":true,"href":"https:\/\/www.tkc.si\/trgovina\/wp-json\/wp\/v2\/media\/388"}],"wp:attachment":[{"href":"https:\/\/www.tkc.si\/trgovina\/wp-json\/wp\/v2\/media?parent=300"}],"wp:term":[{"taxonomy":"product_brand","embeddable":true,"href":"https:\/\/www.tkc.si\/trgovina\/wp-json\/wp\/v2\/product_brand?post=300"},{"taxonomy":"product_cat","embeddable":true,"href":"https:\/\/www.tkc.si\/trgovina\/wp-json\/wp\/v2\/product_cat?post=300"},{"taxonomy":"product_tag","embeddable":true,"href":"https:\/\/www.tkc.si\/trgovina\/wp-json\/wp\/v2\/product_tag?post=300"}],"curies":[{"name":"wp","href":"https:\/\/api.w.org\/{rel}","templated":true}]}}