{"id":852,"date":"2025-02-27T06:01:40","date_gmt":"2025-02-27T06:01:40","guid":{"rendered":"https:\/\/pisarna.novisplet.com\/dev4\/tkc\/?post_type=product&#038;p=852"},"modified":"2025-11-04T08:27:17","modified_gmt":"2025-11-04T08:27:17","slug":"varilna-zica-ampco10","status":"publish","type":"product","link":"https:\/\/www.tkc.si\/trgovina\/izdelek\/zice-za-lasersko-varjenje\/broni\/varilna-zica-ampco10\/","title":{"rendered":"Varilna \u017eica Ampco10"},"content":{"rendered":"<div class=\"wpb-content-wrapper\"><p>[vc_row][vc_column width=&#8221;2\/12&#8243;][vc_column_text]<\/p>\n<h4>Sestava<\/h4>\n<table style=\"height: 209px;\" width=\"112\">\n<tbody>\n<tr>\n<td>8,5-11<\/td>\n<td>Al<\/td>\n<\/tr>\n<tr>\n<td>&lt; 1,5<\/td>\n<td>Fe<\/td>\n<\/tr>\n<tr>\n<td>&lt; 0,1<\/td>\n<td>Si<\/td>\n<\/tr>\n<tr>\n<td>ostalo<\/td>\n<td>Cu<\/td>\n<\/tr>\n<tr>\n<td><\/td>\n<td><\/td>\n<\/tr>\n<tr>\n<td><\/td>\n<td><\/td>\n<\/tr>\n<tr>\n<td><\/td>\n<td><\/td>\n<\/tr>\n<\/tbody>\n<\/table>\n<p>[\/vc_column_text][\/vc_column][vc_column width=&#8221;10\/12&#8243;][\/vc_column][\/vc_row][vc_row][vc_column width=&#8221;1\/2&#8243;]<p>[vc_row][vc_column][vc_column_text]<\/p>\n<h4>Ravna \u017eica<\/h4>\n<table width=\"0\">\n<tbody>\n<tr>\n<td width=\"161\"><strong>Premer \u017eice [mm]<\/strong><\/td>\n<td width=\"112\"><strong>1 kos \u017eice [g]<\/strong><\/td>\n<td width=\"127\"><strong>50 kos \u017eice [g]<\/strong><\/td>\n<td width=\"138\"><strong>100 kos \u017eice [g]<\/strong><\/td>\n<\/tr>\n<tr>\n<td width=\"161\">fi 0,2<\/td>\n<td width=\"112\">0,137<\/td>\n<td width=\"127\">6,85<\/td>\n<td width=\"138\">13,71<\/td>\n<\/tr>\n<tr>\n<td width=\"161\">fi 0,3<\/td>\n<td width=\"112\">0,308<\/td>\n<td width=\"127\">15,42<\/td>\n<td width=\"138\">30,84<\/td>\n<\/tr>\n<tr>\n<td width=\"161\">fi 0,4<\/td>\n<td width=\"112\">0,548<\/td>\n<td width=\"127\">27,41<\/td>\n<td width=\"138\">54,83<\/td>\n<\/tr>\n<tr>\n<td width=\"161\">fi 0,5<\/td>\n<td width=\"112\">0,857<\/td>\n<td width=\"127\">42,83<\/td>\n<td width=\"138\">85,67<\/td>\n<\/tr>\n<tr>\n<td width=\"161\">fi 0,6<\/td>\n<td width=\"112\">1,233<\/td>\n<td width=\"127\">61,67<\/td>\n<td width=\"138\">123,33<\/td>\n<\/tr>\n<tr>\n<td width=\"161\">fi 0,7<\/td>\n<td width=\"112\">1,678<\/td>\n<td width=\"127\">83,91<\/td>\n<td width=\"138\">167,82<\/td>\n<\/tr>\n<tr>\n<td width=\"161\">fi 0,8<\/td>\n<td width=\"112\">2,193<\/td>\n<td width=\"127\">109,65<\/td>\n<td width=\"138\">219,31<\/td>\n<\/tr>\n<\/tbody>\n<\/table>\n<p>[\/vc_column_text][\/vc_column][\/vc_row]<\/p>\n[\/vc_column][vc_column width=&#8221;1\/2&#8243;]<p>[vc_row][vc_column][vc_column_text]<\/p>\n<h4>Kolut<\/h4>\n<table width=\"0\">\n<tbody>\n<tr>\n<td width=\"144\"><strong>Premer \u017eice [mm]<\/strong><\/td>\n<td width=\"81\"><strong>1m \u017eice [g]<\/strong><\/td>\n<td width=\"90\"><strong>50m \u017eice [g]<\/strong><\/td>\n<td width=\"99\"><strong>100m \u017eice [g]<\/strong><\/td>\n<\/tr>\n<tr>\n<td width=\"144\">fi 0,2<\/td>\n<td width=\"81\">0,274<\/td>\n<td width=\"90\">13,71<\/td>\n<td width=\"99\">27,41<\/td>\n<\/tr>\n<tr>\n<td width=\"144\">fi 0,3<\/td>\n<td width=\"81\">0,617<\/td>\n<td width=\"90\">30,84<\/td>\n<td width=\"99\">61,68<\/td>\n<\/tr>\n<tr>\n<td width=\"144\">fi 0,4<\/td>\n<td width=\"81\">1,097<\/td>\n<td width=\"90\">54,83<\/td>\n<td width=\"99\">109,65<\/td>\n<\/tr>\n<tr>\n<td width=\"144\">fi 0,5<\/td>\n<td width=\"81\">1,713<\/td>\n<td width=\"90\">85,67<\/td>\n<td width=\"99\">171,33<\/td>\n<\/tr>\n<tr>\n<td width=\"144\">fi 0,6<\/td>\n<td width=\"81\">2,467<\/td>\n<td width=\"90\">123,33<\/td>\n<td width=\"99\">246,66<\/td>\n<\/tr>\n<tr>\n<td width=\"144\">fi 0,7<\/td>\n<td width=\"81\">3,356<\/td>\n<td width=\"90\">167,82<\/td>\n<td width=\"99\">335,63<\/td>\n<\/tr>\n<tr>\n<td width=\"144\">fi 0,8<\/td>\n<td width=\"81\">4,386<\/td>\n<td width=\"90\">219,31<\/td>\n<td width=\"99\">438,61<\/td>\n<\/tr>\n<\/tbody>\n<\/table>\n<p>[\/vc_column_text][\/vc_column][\/vc_row]<\/p>\n[\/vc_column][\/vc_row]<\/p>\n<\/div>","protected":false},"excerpt":{"rendered":"<p>Varilna \u017eica Ampco 10 je \u017eica za varjenje AMPCO materialov, berilijevega brona, jeklene litine, jekla z ve\u010d ali manj oglijika, baker, brone in baker nikljeve zlitine. Spaja se lahko tudi razli\u010dne \u017eelezne in ne\u017eelezne kovine.<\/p>\n<ul>\n<li>1 paket Ravna \u017eica vsebuje 50 kos<\/li>\n<li>1 paket \u017dica na kolutu vsebuje 50 m<\/li>\n<\/ul>\n","protected":false},"featured_media":832,"comment_status":"closed","ping_status":"closed","template":"","meta":{"_acf_changed":false},"product_brand":[],"product_cat":[16,19],"product_tag":[],"class_list":{"0":"post-852","1":"product","2":"type-product","3":"status-publish","4":"has-post-thumbnail","6":"product_cat-zice-za-lasersko-varjenje","7":"product_cat-broni","9":"first","10":"instock","11":"taxable","12":"shipping-taxable","13":"purchasable","14":"product-type-variable"},"acf":[],"yoast_head":"<!-- This site is optimized with the Yoast SEO plugin v24.2 - https:\/\/yoast.com\/wordpress\/plugins\/seo\/ -->\n<title>Varilna \u017eica Ampco10 - TKC<\/title>\n<meta name=\"robots\" content=\"index, follow, max-snippet:-1, max-image-preview:large, max-video-preview:-1\" \/>\n<link rel=\"canonical\" href=\"https:\/\/www.tkc.si\/trgovina\/izdelek\/zice-za-lasersko-varjenje\/broni\/varilna-zica-ampco10\/\" \/>\n<meta property=\"og:locale\" content=\"sl_SI\" \/>\n<meta property=\"og:type\" content=\"article\" \/>\n<meta property=\"og:title\" content=\"Varilna \u017eica Ampco10 - TKC\" \/>\n<meta property=\"og:description\" content=\"Varilna \u017eica Ampco 10 je \u017eica za varjenje AMPCO materialov, berilijevega brona, jeklene litine, jekla z ve\u010d ali manj oglijika, baker, brone in baker nikljeve zlitine. Spaja se lahko tudi razli\u010dne \u017eelezne in ne\u017eelezne kovine.   1 paket Ravna \u017eica vsebuje 50 kos  1 paket \u017dica na kolutu vsebuje 50 m\" \/>\n<meta property=\"og:url\" content=\"https:\/\/www.tkc.si\/trgovina\/izdelek\/zice-za-lasersko-varjenje\/broni\/varilna-zica-ampco10\/\" \/>\n<meta property=\"og:site_name\" content=\"TKC\" \/>\n<meta property=\"article:publisher\" content=\"https:\/\/www.facebook.com\/people\/TKC-doo\/100072183555176\/\" \/>\n<meta property=\"article:modified_time\" content=\"2025-11-04T08:27:17+00:00\" \/>\n<meta property=\"og:image\" content=\"https:\/\/www.tkc.si\/trgovina\/wp-content\/uploads\/2025\/02\/ampco_4-1.jpg\" \/>\n\t<meta property=\"og:image:width\" content=\"1667\" \/>\n\t<meta property=\"og:image:height\" content=\"2500\" \/>\n\t<meta property=\"og:image:type\" content=\"image\/jpeg\" \/>\n<meta name=\"twitter:card\" content=\"summary_large_image\" \/>\n<meta name=\"twitter:label1\" content=\"Est. reading time\" \/>\n\t<meta name=\"twitter:data1\" content=\"1 minuta\" \/>\n<script type=\"application\/ld+json\" class=\"yoast-schema-graph\">{\"@context\":\"https:\/\/schema.org\",\"@graph\":[{\"@type\":\"WebPage\",\"@id\":\"https:\/\/www.tkc.si\/trgovina\/izdelek\/zice-za-lasersko-varjenje\/broni\/varilna-zica-ampco10\/\",\"url\":\"https:\/\/www.tkc.si\/trgovina\/izdelek\/zice-za-lasersko-varjenje\/broni\/varilna-zica-ampco10\/\",\"name\":\"Varilna \u017eica Ampco10 - TKC\",\"isPartOf\":{\"@id\":\"https:\/\/www.tkc.si\/trgovina\/#website\"},\"primaryImageOfPage\":{\"@id\":\"https:\/\/www.tkc.si\/trgovina\/izdelek\/zice-za-lasersko-varjenje\/broni\/varilna-zica-ampco10\/#primaryimage\"},\"image\":{\"@id\":\"https:\/\/www.tkc.si\/trgovina\/izdelek\/zice-za-lasersko-varjenje\/broni\/varilna-zica-ampco10\/#primaryimage\"},\"thumbnailUrl\":\"https:\/\/www.tkc.si\/trgovina\/wp-content\/uploads\/2025\/02\/ampco_4-1.jpg\",\"datePublished\":\"2025-02-27T06:01:40+00:00\",\"dateModified\":\"2025-11-04T08:27:17+00:00\",\"breadcrumb\":{\"@id\":\"https:\/\/www.tkc.si\/trgovina\/izdelek\/zice-za-lasersko-varjenje\/broni\/varilna-zica-ampco10\/#breadcrumb\"},\"inLanguage\":\"sl-SI\",\"potentialAction\":[{\"@type\":\"ReadAction\",\"target\":[\"https:\/\/www.tkc.si\/trgovina\/izdelek\/zice-za-lasersko-varjenje\/broni\/varilna-zica-ampco10\/\"]}]},{\"@type\":\"ImageObject\",\"inLanguage\":\"sl-SI\",\"@id\":\"https:\/\/www.tkc.si\/trgovina\/izdelek\/zice-za-lasersko-varjenje\/broni\/varilna-zica-ampco10\/#primaryimage\",\"url\":\"https:\/\/www.tkc.si\/trgovina\/wp-content\/uploads\/2025\/02\/ampco_4-1.jpg\",\"contentUrl\":\"https:\/\/www.tkc.si\/trgovina\/wp-content\/uploads\/2025\/02\/ampco_4-1.jpg\",\"width\":1667,\"height\":2500},{\"@type\":\"BreadcrumbList\",\"@id\":\"https:\/\/www.tkc.si\/trgovina\/izdelek\/zice-za-lasersko-varjenje\/broni\/varilna-zica-ampco10\/#breadcrumb\",\"itemListElement\":[{\"@type\":\"ListItem\",\"position\":1,\"name\":\"Domov\",\"item\":\"https:\/\/www.tkc.si\/trgovina\/\"},{\"@type\":\"ListItem\",\"position\":2,\"name\":\"Trgovina\",\"item\":\"https:\/\/www.tkc.si\/trgovina\/trgovina\/\"},{\"@type\":\"ListItem\",\"position\":3,\"name\":\"\u017dice za lasersko varjenje\",\"item\":\"https:\/\/www.tkc.si\/trgovina\/kategorija-izdelka\/zice-za-lasersko-varjenje\/\"},{\"@type\":\"ListItem\",\"position\":4,\"name\":\"Broni\",\"item\":\"https:\/\/www.tkc.si\/trgovina\/kategorija-izdelka\/zice-za-lasersko-varjenje\/broni\/\"},{\"@type\":\"ListItem\",\"position\":5,\"name\":\"Varilna \u017eica Ampco10\"}]},{\"@type\":\"WebSite\",\"@id\":\"https:\/\/www.tkc.si\/trgovina\/#website\",\"url\":\"https:\/\/www.tkc.si\/trgovina\/\",\"name\":\"TKC\",\"description\":\"\",\"publisher\":{\"@id\":\"https:\/\/www.tkc.si\/trgovina\/#organization\"},\"potentialAction\":[{\"@type\":\"SearchAction\",\"target\":{\"@type\":\"EntryPoint\",\"urlTemplate\":\"https:\/\/www.tkc.si\/trgovina\/?s={search_term_string}\"},\"query-input\":{\"@type\":\"PropertyValueSpecification\",\"valueRequired\":true,\"valueName\":\"search_term_string\"}}],\"inLanguage\":\"sl-SI\"},{\"@type\":\"Organization\",\"@id\":\"https:\/\/www.tkc.si\/trgovina\/#organization\",\"name\":\"TKC\",\"url\":\"https:\/\/www.tkc.si\/trgovina\/\",\"logo\":{\"@type\":\"ImageObject\",\"inLanguage\":\"sl-SI\",\"@id\":\"https:\/\/www.tkc.si\/trgovina\/#\/schema\/logo\/image\/\",\"url\":\"https:\/\/www.tkc.si\/trgovina\/wp-content\/uploads\/2025\/01\/tkc-logo-1.png\",\"contentUrl\":\"https:\/\/www.tkc.si\/trgovina\/wp-content\/uploads\/2025\/01\/tkc-logo-1.png\",\"width\":230,\"height\":56,\"caption\":\"TKC\"},\"image\":{\"@id\":\"https:\/\/www.tkc.si\/trgovina\/#\/schema\/logo\/image\/\"},\"sameAs\":[\"https:\/\/www.facebook.com\/people\/TKC-doo\/100072183555176\/\"]}]}<\/script>\n<!-- \/ Yoast SEO plugin. -->","yoast_head_json":{"title":"Varilna \u017eica Ampco10 - TKC","robots":{"index":"index","follow":"follow","max-snippet":"max-snippet:-1","max-image-preview":"max-image-preview:large","max-video-preview":"max-video-preview:-1"},"canonical":"https:\/\/www.tkc.si\/trgovina\/izdelek\/zice-za-lasersko-varjenje\/broni\/varilna-zica-ampco10\/","og_locale":"sl_SI","og_type":"article","og_title":"Varilna \u017eica Ampco10 - TKC","og_description":"Varilna \u017eica Ampco 10 je \u017eica za varjenje AMPCO materialov, berilijevega brona, jeklene litine, jekla z ve\u010d ali manj oglijika, baker, brone in baker nikljeve zlitine. Spaja se lahko tudi razli\u010dne \u017eelezne in ne\u017eelezne kovine.   1 paket Ravna \u017eica vsebuje 50 kos  1 paket \u017dica na kolutu vsebuje 50 m","og_url":"https:\/\/www.tkc.si\/trgovina\/izdelek\/zice-za-lasersko-varjenje\/broni\/varilna-zica-ampco10\/","og_site_name":"TKC","article_publisher":"https:\/\/www.facebook.com\/people\/TKC-doo\/100072183555176\/","article_modified_time":"2025-11-04T08:27:17+00:00","og_image":[{"width":1667,"height":2500,"url":"https:\/\/www.tkc.si\/trgovina\/wp-content\/uploads\/2025\/02\/ampco_4-1.jpg","type":"image\/jpeg"}],"twitter_card":"summary_large_image","twitter_misc":{"Est. reading time":"1 minuta"},"schema":{"@context":"https:\/\/schema.org","@graph":[{"@type":"WebPage","@id":"https:\/\/www.tkc.si\/trgovina\/izdelek\/zice-za-lasersko-varjenje\/broni\/varilna-zica-ampco10\/","url":"https:\/\/www.tkc.si\/trgovina\/izdelek\/zice-za-lasersko-varjenje\/broni\/varilna-zica-ampco10\/","name":"Varilna \u017eica Ampco10 - TKC","isPartOf":{"@id":"https:\/\/www.tkc.si\/trgovina\/#website"},"primaryImageOfPage":{"@id":"https:\/\/www.tkc.si\/trgovina\/izdelek\/zice-za-lasersko-varjenje\/broni\/varilna-zica-ampco10\/#primaryimage"},"image":{"@id":"https:\/\/www.tkc.si\/trgovina\/izdelek\/zice-za-lasersko-varjenje\/broni\/varilna-zica-ampco10\/#primaryimage"},"thumbnailUrl":"https:\/\/www.tkc.si\/trgovina\/wp-content\/uploads\/2025\/02\/ampco_4-1.jpg","datePublished":"2025-02-27T06:01:40+00:00","dateModified":"2025-11-04T08:27:17+00:00","breadcrumb":{"@id":"https:\/\/www.tkc.si\/trgovina\/izdelek\/zice-za-lasersko-varjenje\/broni\/varilna-zica-ampco10\/#breadcrumb"},"inLanguage":"sl-SI","potentialAction":[{"@type":"ReadAction","target":["https:\/\/www.tkc.si\/trgovina\/izdelek\/zice-za-lasersko-varjenje\/broni\/varilna-zica-ampco10\/"]}]},{"@type":"ImageObject","inLanguage":"sl-SI","@id":"https:\/\/www.tkc.si\/trgovina\/izdelek\/zice-za-lasersko-varjenje\/broni\/varilna-zica-ampco10\/#primaryimage","url":"https:\/\/www.tkc.si\/trgovina\/wp-content\/uploads\/2025\/02\/ampco_4-1.jpg","contentUrl":"https:\/\/www.tkc.si\/trgovina\/wp-content\/uploads\/2025\/02\/ampco_4-1.jpg","width":1667,"height":2500},{"@type":"BreadcrumbList","@id":"https:\/\/www.tkc.si\/trgovina\/izdelek\/zice-za-lasersko-varjenje\/broni\/varilna-zica-ampco10\/#breadcrumb","itemListElement":[{"@type":"ListItem","position":1,"name":"Domov","item":"https:\/\/www.tkc.si\/trgovina\/"},{"@type":"ListItem","position":2,"name":"Trgovina","item":"https:\/\/www.tkc.si\/trgovina\/trgovina\/"},{"@type":"ListItem","position":3,"name":"\u017dice za lasersko varjenje","item":"https:\/\/www.tkc.si\/trgovina\/kategorija-izdelka\/zice-za-lasersko-varjenje\/"},{"@type":"ListItem","position":4,"name":"Broni","item":"https:\/\/www.tkc.si\/trgovina\/kategorija-izdelka\/zice-za-lasersko-varjenje\/broni\/"},{"@type":"ListItem","position":5,"name":"Varilna \u017eica Ampco10"}]},{"@type":"WebSite","@id":"https:\/\/www.tkc.si\/trgovina\/#website","url":"https:\/\/www.tkc.si\/trgovina\/","name":"TKC","description":"","publisher":{"@id":"https:\/\/www.tkc.si\/trgovina\/#organization"},"potentialAction":[{"@type":"SearchAction","target":{"@type":"EntryPoint","urlTemplate":"https:\/\/www.tkc.si\/trgovina\/?s={search_term_string}"},"query-input":{"@type":"PropertyValueSpecification","valueRequired":true,"valueName":"search_term_string"}}],"inLanguage":"sl-SI"},{"@type":"Organization","@id":"https:\/\/www.tkc.si\/trgovina\/#organization","name":"TKC","url":"https:\/\/www.tkc.si\/trgovina\/","logo":{"@type":"ImageObject","inLanguage":"sl-SI","@id":"https:\/\/www.tkc.si\/trgovina\/#\/schema\/logo\/image\/","url":"https:\/\/www.tkc.si\/trgovina\/wp-content\/uploads\/2025\/01\/tkc-logo-1.png","contentUrl":"https:\/\/www.tkc.si\/trgovina\/wp-content\/uploads\/2025\/01\/tkc-logo-1.png","width":230,"height":56,"caption":"TKC"},"image":{"@id":"https:\/\/www.tkc.si\/trgovina\/#\/schema\/logo\/image\/"},"sameAs":["https:\/\/www.facebook.com\/people\/TKC-doo\/100072183555176\/"]}]}},"_links":{"self":[{"href":"https:\/\/www.tkc.si\/trgovina\/wp-json\/wp\/v2\/product\/852","targetHints":{"allow":["GET"]}}],"collection":[{"href":"https:\/\/www.tkc.si\/trgovina\/wp-json\/wp\/v2\/product"}],"about":[{"href":"https:\/\/www.tkc.si\/trgovina\/wp-json\/wp\/v2\/types\/product"}],"replies":[{"embeddable":true,"href":"https:\/\/www.tkc.si\/trgovina\/wp-json\/wp\/v2\/comments?post=852"}],"wp:featuredmedia":[{"embeddable":true,"href":"https:\/\/www.tkc.si\/trgovina\/wp-json\/wp\/v2\/media\/832"}],"wp:attachment":[{"href":"https:\/\/www.tkc.si\/trgovina\/wp-json\/wp\/v2\/media?parent=852"}],"wp:term":[{"taxonomy":"product_brand","embeddable":true,"href":"https:\/\/www.tkc.si\/trgovina\/wp-json\/wp\/v2\/product_brand?post=852"},{"taxonomy":"product_cat","embeddable":true,"href":"https:\/\/www.tkc.si\/trgovina\/wp-json\/wp\/v2\/product_cat?post=852"},{"taxonomy":"product_tag","embeddable":true,"href":"https:\/\/www.tkc.si\/trgovina\/wp-json\/wp\/v2\/product_tag?post=852"}],"curies":[{"name":"wp","href":"https:\/\/api.w.org\/{rel}","templated":true}]}}